{"id":877,"date":"2021-07-05T11:45:54","date_gmt":"2021-07-05T09:45:54","guid":{"rendered":"https:\/\/sweekie.com\/?post_type=product&#038;p=877"},"modified":"2022-01-05T22:33:20","modified_gmt":"2022-01-05T21:33:20","slug":"oeuf-et-bacons-noeud-papillon","status":"publish","type":"product","link":"https:\/\/sweekie.com\/index.php\/produit\/oeuf-et-bacons-noeud-papillon\/","title":{"rendered":"Oeuf et bacons (noeud papillon)"},"content":{"rendered":"<h2 style=\"text-align: center;\">Le noeud papillon petit d\u00e9jeuner anglais, oeuf et bacons<\/h2>\n<p style=\"text-align: center;\"><em><strong>Noeud papillon oeuf et bacons<\/strong><\/em><\/p>\n<p class=\"\" style=\"text-align: center;\">Le noeud papillon est enti\u00e8rement r\u00e9alis\u00e9 et peint \u00e0 la main dans notre atelier fran\u00e7ais. Chaque pi\u00e8ce est unique et originale.<br class=\"\" \/>Vous souhaitez aller encore plus loin pour vous d\u00e9marquer? \u00c9gayer votre chemise? Ou pourquoi pas assortir le look de votre cher et tendre \u00e0 votre sac \u00e0 main favoris ou vos clips \u00e0 chaussures Sweekie?<br class=\"\" \/>Succ\u00e8s garanti avec nos noeuds papillon!<br class=\"\" \/>Arborez fi\u00e8rement \u00e0 votre cou cette sp\u00e9cialit\u00e9 du petit d\u00e9jeuner anglais, appr\u00e9ci\u00e9e dans le monde entier.<br class=\"\" \/>Pour le travail, vous rendre \u00e0 un repas de famille, une soir\u00e9e entre amis, ou pourquoi pas aller \u00e0 une c\u00e9r\u00e9monie, ce noeud papillon saura s\u2019ajuster \u00e0 n\u2019importe quelle occasion!<br class=\"\" \/>Sculpt\u00e9 dans une p\u00e2te dure, le noeud papillon poss\u00e8de au dos une pince crocodile vous permettant de le clipser facilement \u00e0 votre boutonni\u00e8re.<\/p>\n<p style=\"text-align: center;\">Envie de l\u2019assortir \u00e0 vos chaussures? D\u00e9couvrez les <a href=\"https:\/\/sweekie.com\/index.php\/produit\/egg-and-bacon-shoes-clips-clips-a-chaussures-oeuf-et-bacon\/\">clips \u00e0 chaussures oeuf et bacon<\/a>.<\/p>\n<p style=\"text-align: center;\">Le d\u00e9lai de fabrication est aujourd\u2019hui de 4 \u00e0 6 semaines.<\/p>\n<p style=\"text-align: center;\">Vous avez une une envie particuli\u00e8re? Vous souhaitez un sac personnalis\u00e9? Contactez nous sur notre\u00a0<a href=\"https:\/\/sweekie.com\/index.php\/contact\/\">formulaire de contact<\/a>\u00a0ou sur\u00a0<a href=\"https:\/\/www.instagram.com\/sweekie.purse\/\">instagram<\/a>.<\/p>\n<p style=\"text-align: center;\">\n","protected":false},"excerpt":{"rendered":"<p>Le noeud papillon petit d\u00e9jeuner anglais, oeuf et bacons Noeud papillon oeuf et bacons Le noeud papillon est enti\u00e8rement r\u00e9alis\u00e9 et peint \u00e0 la main dans notre atelier fran\u00e7ais. Chaque pi\u00e8ce est unique et originale.Vous souhaitez aller encore plus loin pour vous d\u00e9marquer? \u00c9gayer votre chemise? Ou pourquoi pas assortir le look de votre cher [&hellip;]<\/p>\n","protected":false},"featured_media":1199,"template":"","meta":[],"product_cat":[15,24],"product_tag":[217,216],"class_list":["post-877","product","type-product","status-publish","has-post-thumbnail","hentry","product_cat-tous-les-produits","product_cat-noeuds-papillons","product_tag-noeud-papillon-original","product_tag-noeud-papillon-sweekie"],"yoast_head":"<!-- This site is optimized with the Yoast SEO plugin v20.12 - https:\/\/yoast.com\/wordpress\/plugins\/seo\/ -->\n<title>Oeuf et bacons (noeud papillon) - Sweekie<\/title>\n<meta name=\"description\" content=\"Noeud papillon oeuf et bacons - r\u00e9alis\u00e9 et peint \u00e0 la main en France - portez le c\u00e9l\u00e8bre petit d\u00e9jeuner anglais autour de votre cou!\" \/>\n<meta name=\"robots\" content=\"index, follow, max-snippet:-1, max-image-preview:large, max-video-preview:-1\" \/>\n<link rel=\"canonical\" href=\"https:\/\/sweekie.com\/index.php\/produit\/oeuf-et-bacons-noeud-papillon\/\" \/>\n<meta property=\"og:locale\" content=\"fr_FR\" \/>\n<meta property=\"og:type\" content=\"article\" \/>\n<meta property=\"og:title\" content=\"Oeuf et bacons (noeud papillon) - Sweekie\" \/>\n<meta property=\"og:description\" content=\"Noeud papillon oeuf et bacons - r\u00e9alis\u00e9 et peint \u00e0 la main en France - portez le c\u00e9l\u00e8bre petit d\u00e9jeuner anglais autour de votre cou!\" \/>\n<meta property=\"og:url\" content=\"https:\/\/sweekie.com\/index.php\/produit\/oeuf-et-bacons-noeud-papillon\/\" \/>\n<meta property=\"og:site_name\" content=\"Sweekie\" \/>\n<meta property=\"article:modified_time\" content=\"2022-01-05T21:33:20+00:00\" \/>\n<meta property=\"og:image\" content=\"https:\/\/sweekie.com\/wp-content\/uploads\/2021\/07\/noeud-papillon-pap-sweekie-oeuf-scaled.jpg\" \/>\n\t<meta property=\"og:image:width\" content=\"2560\" \/>\n\t<meta property=\"og:image:height\" content=\"1801\" \/>\n\t<meta property=\"og:image:type\" content=\"image\/jpeg\" \/>\n<meta name=\"twitter:card\" content=\"summary_large_image\" \/>\n<meta name=\"twitter:label1\" content=\"Dur\u00e9e de lecture estim\u00e9e\" \/>\n\t<meta name=\"twitter:data1\" content=\"3 minutes\" \/>\n<script type=\"application\/ld+json\" class=\"yoast-schema-graph\">{\"@context\":\"https:\/\/schema.org\",\"@graph\":[{\"@type\":\"WebPage\",\"@id\":\"https:\/\/sweekie.com\/index.php\/produit\/oeuf-et-bacons-noeud-papillon\/\",\"url\":\"https:\/\/sweekie.com\/index.php\/produit\/oeuf-et-bacons-noeud-papillon\/\",\"name\":\"Oeuf et bacons (noeud papillon) - Sweekie\",\"isPartOf\":{\"@id\":\"https:\/\/sweekie.com\/#website\"},\"datePublished\":\"2021-07-05T09:45:54+00:00\",\"dateModified\":\"2022-01-05T21:33:20+00:00\",\"description\":\"Noeud papillon oeuf et bacons - r\u00e9alis\u00e9 et peint \u00e0 la main en France - portez le c\u00e9l\u00e8bre petit d\u00e9jeuner anglais autour de votre cou!\",\"breadcrumb\":{\"@id\":\"https:\/\/sweekie.com\/index.php\/produit\/oeuf-et-bacons-noeud-papillon\/#breadcrumb\"},\"inLanguage\":\"fr-FR\",\"potentialAction\":[{\"@type\":\"ReadAction\",\"target\":[\"https:\/\/sweekie.com\/index.php\/produit\/oeuf-et-bacons-noeud-papillon\/\"]}]},{\"@type\":\"BreadcrumbList\",\"@id\":\"https:\/\/sweekie.com\/index.php\/produit\/oeuf-et-bacons-noeud-papillon\/#breadcrumb\",\"itemListElement\":[{\"@type\":\"ListItem\",\"position\":1,\"name\":\"Accueil\",\"item\":\"https:\/\/sweekie.com\/\"},{\"@type\":\"ListItem\",\"position\":2,\"name\":\"Boutique\",\"item\":\"https:\/\/sweekie.com\/index.php\/sweekie-boutique\/\"},{\"@type\":\"ListItem\",\"position\":3,\"name\":\"Oeuf et bacons (noeud papillon)\"}]},{\"@type\":\"WebSite\",\"@id\":\"https:\/\/sweekie.com\/#website\",\"url\":\"https:\/\/sweekie.com\/\",\"name\":\"Sweekie\",\"description\":\"La gourmandise \u00e0 la Fran\u00e7aise!\",\"publisher\":{\"@id\":\"https:\/\/sweekie.com\/#organization\"},\"potentialAction\":[{\"@type\":\"SearchAction\",\"target\":{\"@type\":\"EntryPoint\",\"urlTemplate\":\"https:\/\/sweekie.com\/?s={search_term_string}\"},\"query-input\":\"required name=search_term_string\"}],\"inLanguage\":\"fr-FR\"},{\"@type\":\"Organization\",\"@id\":\"https:\/\/sweekie.com\/#organization\",\"name\":\"Sweekie\",\"url\":\"https:\/\/sweekie.com\/\",\"logo\":{\"@type\":\"ImageObject\",\"inLanguage\":\"fr-FR\",\"@id\":\"https:\/\/sweekie.com\/#\/schema\/logo\/image\/\",\"url\":\"https:\/\/sweekie.com\/wp-content\/uploads\/2021\/03\/cropped-logo-drapeau-1.png\",\"contentUrl\":\"https:\/\/sweekie.com\/wp-content\/uploads\/2021\/03\/cropped-logo-drapeau-1.png\",\"width\":512,\"height\":512,\"caption\":\"Sweekie\"},\"image\":{\"@id\":\"https:\/\/sweekie.com\/#\/schema\/logo\/image\/\"}}]}<\/script>\n<!-- \/ Yoast SEO plugin. -->","yoast_head_json":{"title":"Oeuf et bacons (noeud papillon) - Sweekie","description":"Noeud papillon oeuf et bacons - r\u00e9alis\u00e9 et peint \u00e0 la main en France - portez le c\u00e9l\u00e8bre petit d\u00e9jeuner anglais autour de votre cou!","robots":{"index":"index","follow":"follow","max-snippet":"max-snippet:-1","max-image-preview":"max-image-preview:large","max-video-preview":"max-video-preview:-1"},"canonical":"https:\/\/sweekie.com\/index.php\/produit\/oeuf-et-bacons-noeud-papillon\/","og_locale":"fr_FR","og_type":"article","og_title":"Oeuf et bacons (noeud papillon) - Sweekie","og_description":"Noeud papillon oeuf et bacons - r\u00e9alis\u00e9 et peint \u00e0 la main en France - portez le c\u00e9l\u00e8bre petit d\u00e9jeuner anglais autour de votre cou!","og_url":"https:\/\/sweekie.com\/index.php\/produit\/oeuf-et-bacons-noeud-papillon\/","og_site_name":"Sweekie","article_modified_time":"2022-01-05T21:33:20+00:00","og_image":[{"width":2560,"height":1801,"url":"https:\/\/sweekie.com\/wp-content\/uploads\/2021\/07\/noeud-papillon-pap-sweekie-oeuf-scaled.jpg","type":"image\/jpeg"}],"twitter_card":"summary_large_image","twitter_misc":{"Dur\u00e9e de lecture estim\u00e9e":"3 minutes"},"schema":{"@context":"https:\/\/schema.org","@graph":[{"@type":"WebPage","@id":"https:\/\/sweekie.com\/index.php\/produit\/oeuf-et-bacons-noeud-papillon\/","url":"https:\/\/sweekie.com\/index.php\/produit\/oeuf-et-bacons-noeud-papillon\/","name":"Oeuf et bacons (noeud papillon) - Sweekie","isPartOf":{"@id":"https:\/\/sweekie.com\/#website"},"datePublished":"2021-07-05T09:45:54+00:00","dateModified":"2022-01-05T21:33:20+00:00","description":"Noeud papillon oeuf et bacons - r\u00e9alis\u00e9 et peint \u00e0 la main en France - portez le c\u00e9l\u00e8bre petit d\u00e9jeuner anglais autour de votre cou!","breadcrumb":{"@id":"https:\/\/sweekie.com\/index.php\/produit\/oeuf-et-bacons-noeud-papillon\/#breadcrumb"},"inLanguage":"fr-FR","potentialAction":[{"@type":"ReadAction","target":["https:\/\/sweekie.com\/index.php\/produit\/oeuf-et-bacons-noeud-papillon\/"]}]},{"@type":"BreadcrumbList","@id":"https:\/\/sweekie.com\/index.php\/produit\/oeuf-et-bacons-noeud-papillon\/#breadcrumb","itemListElement":[{"@type":"ListItem","position":1,"name":"Accueil","item":"https:\/\/sweekie.com\/"},{"@type":"ListItem","position":2,"name":"Boutique","item":"https:\/\/sweekie.com\/index.php\/sweekie-boutique\/"},{"@type":"ListItem","position":3,"name":"Oeuf et bacons (noeud papillon)"}]},{"@type":"WebSite","@id":"https:\/\/sweekie.com\/#website","url":"https:\/\/sweekie.com\/","name":"Sweekie","description":"La gourmandise \u00e0 la Fran\u00e7aise!","publisher":{"@id":"https:\/\/sweekie.com\/#organization"},"potentialAction":[{"@type":"SearchAction","target":{"@type":"EntryPoint","urlTemplate":"https:\/\/sweekie.com\/?s={search_term_string}"},"query-input":"required name=search_term_string"}],"inLanguage":"fr-FR"},{"@type":"Organization","@id":"https:\/\/sweekie.com\/#organization","name":"Sweekie","url":"https:\/\/sweekie.com\/","logo":{"@type":"ImageObject","inLanguage":"fr-FR","@id":"https:\/\/sweekie.com\/#\/schema\/logo\/image\/","url":"https:\/\/sweekie.com\/wp-content\/uploads\/2021\/03\/cropped-logo-drapeau-1.png","contentUrl":"https:\/\/sweekie.com\/wp-content\/uploads\/2021\/03\/cropped-logo-drapeau-1.png","width":512,"height":512,"caption":"Sweekie"},"image":{"@id":"https:\/\/sweekie.com\/#\/schema\/logo\/image\/"}}]}},"_links":{"self":[{"href":"https:\/\/sweekie.com\/index.php\/wp-json\/wp\/v2\/product\/877"}],"collection":[{"href":"https:\/\/sweekie.com\/index.php\/wp-json\/wp\/v2\/product"}],"about":[{"href":"https:\/\/sweekie.com\/index.php\/wp-json\/wp\/v2\/types\/product"}],"wp:featuredmedia":[{"embeddable":true,"href":"https:\/\/sweekie.com\/index.php\/wp-json\/wp\/v2\/media\/1199"}],"wp:attachment":[{"href":"https:\/\/sweekie.com\/index.php\/wp-json\/wp\/v2\/media?parent=877"}],"wp:term":[{"taxonomy":"product_cat","embeddable":true,"href":"https:\/\/sweekie.com\/index.php\/wp-json\/wp\/v2\/product_cat?post=877"},{"taxonomy":"product_tag","embeddable":true,"href":"https:\/\/sweekie.com\/index.php\/wp-json\/wp\/v2\/product_tag?post=877"}],"curies":[{"name":"wp","href":"https:\/\/api.w.org\/{rel}","templated":true}]}}