{"id":398,"date":"2021-03-22T18:54:58","date_gmt":"2021-03-22T17:54:58","guid":{"rendered":"https:\/\/sweekie.com\/?post_type=product&#038;p=398"},"modified":"2022-01-05T22:52:08","modified_gmt":"2022-01-05T21:52:08","slug":"clips-a-chaussures-bonhomme-sourire-fraise","status":"publish","type":"product","link":"https:\/\/sweekie.com\/index.php\/produit\/clips-a-chaussures-bonhomme-sourire-fraise\/","title":{"rendered":"Sourire fraise (clips \u00e0 chaussures)"},"content":{"rendered":"<h2 style=\"text-align: center;\">Les <em><strong>clips \u00e0 chaussures sourire parfum fraise<\/strong><\/em><\/h2>\n<p style=\"text-align: center;\"><em><strong>Clips \u00e0 chaussures sourire parfum fraise<\/strong><\/em><\/p>\n<p style=\"text-align: center;\">Les clips \u00e0 chaussures sont enti\u00e8rement r\u00e9alis\u00e9s et peints \u00e0 la main dans notre atelier fran\u00e7ais. Chaque pi\u00e8ce est unique et originale.<br \/>\nShoes addict, vous souhaitez aller encore plus loin dans l&#8217;originalit\u00e9? Rendre originale votre paire d&#8217;escarpins noirs? Qu&#8217;on remarque votre paire de vans bien aim\u00e9e? Rendre vos chaussures uniques?<br \/>\nSucc\u00e8s garanti avec nos clips \u00e0 chaussures!<br \/>\nDisponible \u00e9galement en version\u00a0<a href=\"https:\/\/sweekie.com\/index.php\/produit\/chocolate-smile-shoes-clips-clips-a-chaussures-sourire\/\">chocolat<\/a>!<\/p>\n<p style=\"text-align: center;\">Arborez fi\u00e8rement \u00e0 vos pieds ce c\u00e9l\u00e8bre biscuit fran\u00e7ais souriant de Nantes, parfum fraise, ador\u00e9 des enfants comme des grands!<br \/>\nVous pouvez aussi bien adapter les clips \u00e0 des escarpins, des ballerines mais aussi des baskets par exemple, et ainsi customiser toutes vos paires favorites en un seul clip!<br \/>\nSculpt\u00e9 dans une p\u00e2te dure, nous avons recouvert le dos du clip d\u2019un similicuir de qualit\u00e9, d\u2019une couleur assortie, qui prot\u00e9gera vos souliers pr\u00e9f\u00e9r\u00e9s.<\/p>\n<p style=\"text-align: center;\">Envie de l\u2019assortir \u00e0 votre sac? D\u00e9couvrez la <a href=\"https:\/\/sweekie.com\/index.php\/produit\/snack-cookie-bag-sac-biscuit-gouter\/\">pochette biscuit go\u00fbter sourire<\/a>.<\/p>\n<p style=\"text-align: center;\">Le d\u00e9lai de fabrication est aujourd\u2019hui de 4 \u00e0 6 semaines.<\/p>\n<p style=\"text-align: center;\">Vous avez une une envie particuli\u00e8re? Vous souhaitez un sac personnalis\u00e9? Contactez nous sur notre\u00a0<a href=\"https:\/\/sweekie.com\/index.php\/contact\/\">formulaire de contact<\/a>\u00a0ou sur\u00a0<a href=\"https:\/\/www.instagram.com\/sweekie.purse\/\">instagram<\/a>.<\/p>\n<p style=\"text-align: center;\">\n","protected":false},"excerpt":{"rendered":"<p>Les clips \u00e0 chaussures sourire parfum fraise Clips \u00e0 chaussures sourire parfum fraise Les clips \u00e0 chaussures sont enti\u00e8rement r\u00e9alis\u00e9s et peints \u00e0 la main dans notre atelier fran\u00e7ais. Chaque pi\u00e8ce est unique et originale. Shoes addict, vous souhaitez aller encore plus loin dans l&#8217;originalit\u00e9? Rendre originale votre paire d&#8217;escarpins noirs? Qu&#8217;on remarque votre paire [&hellip;]<\/p>\n","protected":false},"featured_media":1286,"template":"","meta":[],"product_cat":[15,25],"product_tag":[215,214,211],"class_list":["post-398","product","type-product","status-publish","has-post-thumbnail","hentry","product_cat-tous-les-produits","product_cat-clips-a-chaussures","product_tag-clips-a-chaussures-biscuits","product_tag-clips-a-chaussures-originaux","product_tag-clips-a-chaussures-sweekie"],"yoast_head":"<!-- This site is optimized with the Yoast SEO plugin v20.12 - https:\/\/yoast.com\/wordpress\/plugins\/seo\/ -->\n<title>Sourire fraise (clips \u00e0 chaussures) - Sweekie<\/title>\n<meta name=\"description\" content=\"Clips \u00e0 chaussures bonhomme sourire fraise - r\u00e9alis\u00e9 \u00e0 la main en France - les clips sont personnalisables selon vos envies!\" \/>\n<meta name=\"robots\" content=\"index, follow, max-snippet:-1, max-image-preview:large, max-video-preview:-1\" \/>\n<link rel=\"canonical\" href=\"https:\/\/sweekie.com\/index.php\/produit\/clips-a-chaussures-bonhomme-sourire-fraise\/\" \/>\n<meta property=\"og:locale\" content=\"fr_FR\" \/>\n<meta property=\"og:type\" content=\"article\" \/>\n<meta property=\"og:title\" content=\"Sourire fraise (clips \u00e0 chaussures) - Sweekie\" \/>\n<meta property=\"og:description\" content=\"Clips \u00e0 chaussures bonhomme sourire fraise - r\u00e9alis\u00e9 \u00e0 la main en France - les clips sont personnalisables selon vos envies!\" \/>\n<meta property=\"og:url\" content=\"https:\/\/sweekie.com\/index.php\/produit\/clips-a-chaussures-bonhomme-sourire-fraise\/\" \/>\n<meta property=\"og:site_name\" content=\"Sweekie\" \/>\n<meta property=\"article:modified_time\" content=\"2022-01-05T21:52:08+00:00\" \/>\n<meta property=\"og:image\" content=\"https:\/\/sweekie.com\/wp-content\/uploads\/2021\/03\/clips-a\u0300-chaussures-biscuit-sweekie-scaled-e1629209054402.jpg\" \/>\n\t<meta property=\"og:image:width\" content=\"1465\" \/>\n\t<meta property=\"og:image:height\" content=\"1452\" \/>\n\t<meta property=\"og:image:type\" content=\"image\/jpeg\" \/>\n<meta name=\"twitter:card\" content=\"summary_large_image\" \/>\n<meta name=\"twitter:label1\" content=\"Dur\u00e9e de lecture estim\u00e9e\" \/>\n\t<meta name=\"twitter:data1\" content=\"3 minutes\" \/>\n<script type=\"application\/ld+json\" class=\"yoast-schema-graph\">{\"@context\":\"https:\/\/schema.org\",\"@graph\":[{\"@type\":\"WebPage\",\"@id\":\"https:\/\/sweekie.com\/index.php\/produit\/clips-a-chaussures-bonhomme-sourire-fraise\/\",\"url\":\"https:\/\/sweekie.com\/index.php\/produit\/clips-a-chaussures-bonhomme-sourire-fraise\/\",\"name\":\"Sourire fraise (clips \u00e0 chaussures) - Sweekie\",\"isPartOf\":{\"@id\":\"https:\/\/sweekie.com\/#website\"},\"datePublished\":\"2021-03-22T17:54:58+00:00\",\"dateModified\":\"2022-01-05T21:52:08+00:00\",\"description\":\"Clips \u00e0 chaussures bonhomme sourire fraise - r\u00e9alis\u00e9 \u00e0 la main en France - les clips sont personnalisables selon vos envies!\",\"breadcrumb\":{\"@id\":\"https:\/\/sweekie.com\/index.php\/produit\/clips-a-chaussures-bonhomme-sourire-fraise\/#breadcrumb\"},\"inLanguage\":\"fr-FR\",\"potentialAction\":[{\"@type\":\"ReadAction\",\"target\":[\"https:\/\/sweekie.com\/index.php\/produit\/clips-a-chaussures-bonhomme-sourire-fraise\/\"]}]},{\"@type\":\"BreadcrumbList\",\"@id\":\"https:\/\/sweekie.com\/index.php\/produit\/clips-a-chaussures-bonhomme-sourire-fraise\/#breadcrumb\",\"itemListElement\":[{\"@type\":\"ListItem\",\"position\":1,\"name\":\"Accueil\",\"item\":\"https:\/\/sweekie.com\/\"},{\"@type\":\"ListItem\",\"position\":2,\"name\":\"Boutique\",\"item\":\"https:\/\/sweekie.com\/index.php\/sweekie-boutique\/\"},{\"@type\":\"ListItem\",\"position\":3,\"name\":\"Sourire fraise (clips \u00e0 chaussures)\"}]},{\"@type\":\"WebSite\",\"@id\":\"https:\/\/sweekie.com\/#website\",\"url\":\"https:\/\/sweekie.com\/\",\"name\":\"Sweekie\",\"description\":\"La gourmandise \u00e0 la Fran\u00e7aise!\",\"publisher\":{\"@id\":\"https:\/\/sweekie.com\/#organization\"},\"potentialAction\":[{\"@type\":\"SearchAction\",\"target\":{\"@type\":\"EntryPoint\",\"urlTemplate\":\"https:\/\/sweekie.com\/?s={search_term_string}\"},\"query-input\":\"required name=search_term_string\"}],\"inLanguage\":\"fr-FR\"},{\"@type\":\"Organization\",\"@id\":\"https:\/\/sweekie.com\/#organization\",\"name\":\"Sweekie\",\"url\":\"https:\/\/sweekie.com\/\",\"logo\":{\"@type\":\"ImageObject\",\"inLanguage\":\"fr-FR\",\"@id\":\"https:\/\/sweekie.com\/#\/schema\/logo\/image\/\",\"url\":\"https:\/\/sweekie.com\/wp-content\/uploads\/2021\/03\/cropped-logo-drapeau-1.png\",\"contentUrl\":\"https:\/\/sweekie.com\/wp-content\/uploads\/2021\/03\/cropped-logo-drapeau-1.png\",\"width\":512,\"height\":512,\"caption\":\"Sweekie\"},\"image\":{\"@id\":\"https:\/\/sweekie.com\/#\/schema\/logo\/image\/\"}}]}<\/script>\n<!-- \/ Yoast SEO plugin. -->","yoast_head_json":{"title":"Sourire fraise (clips \u00e0 chaussures) - Sweekie","description":"Clips \u00e0 chaussures bonhomme sourire fraise - r\u00e9alis\u00e9 \u00e0 la main en France - les clips sont personnalisables selon vos envies!","robots":{"index":"index","follow":"follow","max-snippet":"max-snippet:-1","max-image-preview":"max-image-preview:large","max-video-preview":"max-video-preview:-1"},"canonical":"https:\/\/sweekie.com\/index.php\/produit\/clips-a-chaussures-bonhomme-sourire-fraise\/","og_locale":"fr_FR","og_type":"article","og_title":"Sourire fraise (clips \u00e0 chaussures) - Sweekie","og_description":"Clips \u00e0 chaussures bonhomme sourire fraise - r\u00e9alis\u00e9 \u00e0 la main en France - les clips sont personnalisables selon vos envies!","og_url":"https:\/\/sweekie.com\/index.php\/produit\/clips-a-chaussures-bonhomme-sourire-fraise\/","og_site_name":"Sweekie","article_modified_time":"2022-01-05T21:52:08+00:00","og_image":[{"width":1465,"height":1452,"url":"https:\/\/sweekie.com\/wp-content\/uploads\/2021\/03\/clips-a\u0300-chaussures-biscuit-sweekie-scaled-e1629209054402.jpg","type":"image\/jpeg"}],"twitter_card":"summary_large_image","twitter_misc":{"Dur\u00e9e de lecture estim\u00e9e":"3 minutes"},"schema":{"@context":"https:\/\/schema.org","@graph":[{"@type":"WebPage","@id":"https:\/\/sweekie.com\/index.php\/produit\/clips-a-chaussures-bonhomme-sourire-fraise\/","url":"https:\/\/sweekie.com\/index.php\/produit\/clips-a-chaussures-bonhomme-sourire-fraise\/","name":"Sourire fraise (clips \u00e0 chaussures) - Sweekie","isPartOf":{"@id":"https:\/\/sweekie.com\/#website"},"datePublished":"2021-03-22T17:54:58+00:00","dateModified":"2022-01-05T21:52:08+00:00","description":"Clips \u00e0 chaussures bonhomme sourire fraise - r\u00e9alis\u00e9 \u00e0 la main en France - les clips sont personnalisables selon vos envies!","breadcrumb":{"@id":"https:\/\/sweekie.com\/index.php\/produit\/clips-a-chaussures-bonhomme-sourire-fraise\/#breadcrumb"},"inLanguage":"fr-FR","potentialAction":[{"@type":"ReadAction","target":["https:\/\/sweekie.com\/index.php\/produit\/clips-a-chaussures-bonhomme-sourire-fraise\/"]}]},{"@type":"BreadcrumbList","@id":"https:\/\/sweekie.com\/index.php\/produit\/clips-a-chaussures-bonhomme-sourire-fraise\/#breadcrumb","itemListElement":[{"@type":"ListItem","position":1,"name":"Accueil","item":"https:\/\/sweekie.com\/"},{"@type":"ListItem","position":2,"name":"Boutique","item":"https:\/\/sweekie.com\/index.php\/sweekie-boutique\/"},{"@type":"ListItem","position":3,"name":"Sourire fraise (clips \u00e0 chaussures)"}]},{"@type":"WebSite","@id":"https:\/\/sweekie.com\/#website","url":"https:\/\/sweekie.com\/","name":"Sweekie","description":"La gourmandise \u00e0 la Fran\u00e7aise!","publisher":{"@id":"https:\/\/sweekie.com\/#organization"},"potentialAction":[{"@type":"SearchAction","target":{"@type":"EntryPoint","urlTemplate":"https:\/\/sweekie.com\/?s={search_term_string}"},"query-input":"required name=search_term_string"}],"inLanguage":"fr-FR"},{"@type":"Organization","@id":"https:\/\/sweekie.com\/#organization","name":"Sweekie","url":"https:\/\/sweekie.com\/","logo":{"@type":"ImageObject","inLanguage":"fr-FR","@id":"https:\/\/sweekie.com\/#\/schema\/logo\/image\/","url":"https:\/\/sweekie.com\/wp-content\/uploads\/2021\/03\/cropped-logo-drapeau-1.png","contentUrl":"https:\/\/sweekie.com\/wp-content\/uploads\/2021\/03\/cropped-logo-drapeau-1.png","width":512,"height":512,"caption":"Sweekie"},"image":{"@id":"https:\/\/sweekie.com\/#\/schema\/logo\/image\/"}}]}},"_links":{"self":[{"href":"https:\/\/sweekie.com\/index.php\/wp-json\/wp\/v2\/product\/398"}],"collection":[{"href":"https:\/\/sweekie.com\/index.php\/wp-json\/wp\/v2\/product"}],"about":[{"href":"https:\/\/sweekie.com\/index.php\/wp-json\/wp\/v2\/types\/product"}],"wp:featuredmedia":[{"embeddable":true,"href":"https:\/\/sweekie.com\/index.php\/wp-json\/wp\/v2\/media\/1286"}],"wp:attachment":[{"href":"https:\/\/sweekie.com\/index.php\/wp-json\/wp\/v2\/media?parent=398"}],"wp:term":[{"taxonomy":"product_cat","embeddable":true,"href":"https:\/\/sweekie.com\/index.php\/wp-json\/wp\/v2\/product_cat?post=398"},{"taxonomy":"product_tag","embeddable":true,"href":"https:\/\/sweekie.com\/index.php\/wp-json\/wp\/v2\/product_tag?post=398"}],"curies":[{"name":"wp","href":"https:\/\/api.w.org\/{rel}","templated":true}]}}