{"id":394,"date":"2021-03-22T18:54:38","date_gmt":"2021-03-22T17:54:38","guid":{"rendered":"https:\/\/sweekie.com\/?post_type=product&#038;p=394"},"modified":"2022-01-05T22:53:46","modified_gmt":"2022-01-05T21:53:46","slug":"clips-a-chaussures-sourire","status":"publish","type":"product","link":"https:\/\/sweekie.com\/index.php\/produit\/clips-a-chaussures-sourire\/","title":{"rendered":"Sourire chocolat (clips \u00e0 chaussures)"},"content":{"rendered":"<h2 style=\"text-align: center;\">Les <em><strong>clips \u00e0 chaussures sourire parfum chocolat<\/strong><\/em><\/h2>\n<p style=\"text-align: center;\"><em><strong>Clips \u00e0 chaussures sourire parfum chocolat<\/strong><\/em><\/p>\n<p style=\"text-align: center;\">Les clips \u00e0 chaussures sont enti\u00e8rement r\u00e9alis\u00e9s et peints \u00e0 la main dans notre atelier fran\u00e7ais. Chaque pi\u00e8ce est unique et originale.<br \/>\nShoes addict, vous souhaitez aller encore plus loin dans l&#8217;originalit\u00e9? Rendre originale votre paire d&#8217;escarpins noirs? Qu&#8217;on remarque votre paire de vans bien aim\u00e9e? Rendre vos chaussures uniques?<br \/>\nSucc\u00e8s garanti avec nos clips \u00e0 chaussures!<br \/>\nDisponible \u00e9galement en version\u00a0<a href=\"https:\/\/sweekie.com\/index.php\/produit\/strawberry-smile-guy-shoes-clips-clips-a-chaussures-bonhomme-sourire-fraise\/\">fraise<\/a>!<\/p>\n<p style=\"text-align: center;\">Arborez fi\u00e8rement \u00e0 vos pieds ce c\u00e9l\u00e8bre biscuit fran\u00e7ais souriant de Nantes, parfum chocolat, ador\u00e9 des enfants comme des grands!<br \/>\nVous pouvez aussi bien adapter les clips \u00e0 des escarpins, des ballerines mais aussi \u00e0 des baskets par exemple, et ainsi customiser toutes vos paires favorites en un seul clip!<br \/>\nSculpt\u00e9 dans une p\u00e2te dure, nous avons recouvert le dos du clip d\u2019un similicuir de qualit\u00e9, d\u2019une couleur assortie, qui prot\u00e9gera vos souliers pr\u00e9f\u00e9r\u00e9s.<\/p>\n<p style=\"text-align: center;\">Envie de l\u2019assortir \u00e0 votre sac? D\u00e9couvrez la\u00a0<a href=\"https:\/\/sweekie.com\/index.php\/produit\/snack-cookie-bag-sac-biscuit-gouter\/\">pochette biscuit go\u00fbter sourire<\/a>.<\/p>\n<p style=\"text-align: center;\">Le d\u00e9lai de fabrication est aujourd\u2019hui de 4 \u00e0 6 semaines.<\/p>\n<p style=\"text-align: center;\">Vous avez une une envie particuli\u00e8re? Vous souhaitez un sac personnalis\u00e9? Contactez nous sur notre\u00a0<a href=\"https:\/\/sweekie.com\/index.php\/contact\/\">formulaire de contact<\/a>\u00a0ou sur\u00a0<a href=\"https:\/\/www.instagram.com\/sweekie.purse\/\">instagram<\/a>.<\/p>\n<p>&nbsp;<\/p>\n<p style=\"text-align: center;\">\n","protected":false},"excerpt":{"rendered":"<p>Les clips \u00e0 chaussures sourire parfum chocolat Clips \u00e0 chaussures sourire parfum chocolat Les clips \u00e0 chaussures sont enti\u00e8rement r\u00e9alis\u00e9s et peints \u00e0 la main dans notre atelier fran\u00e7ais. Chaque pi\u00e8ce est unique et originale. Shoes addict, vous souhaitez aller encore plus loin dans l&#8217;originalit\u00e9? Rendre originale votre paire d&#8217;escarpins noirs? Qu&#8217;on remarque votre paire [&hellip;]<\/p>\n","protected":false},"featured_media":1288,"template":"","meta":[],"product_cat":[15,25],"product_tag":[215,214,211],"class_list":["post-394","product","type-product","status-publish","has-post-thumbnail","hentry","product_cat-tous-les-produits","product_cat-clips-a-chaussures","product_tag-clips-a-chaussures-biscuits","product_tag-clips-a-chaussures-originaux","product_tag-clips-a-chaussures-sweekie"],"yoast_head":"<!-- This site is optimized with the Yoast SEO plugin v20.12 - https:\/\/yoast.com\/wordpress\/plugins\/seo\/ -->\n<title>Sourire chocolat (clips \u00e0 chaussures) - Sweekie<\/title>\n<meta name=\"description\" content=\"Sourire chocolat (clips \u00e0 chaussures)- r\u00e9alis\u00e9s \u00e0 la main et avec amour en France -les clips sont personnalisables selon vos envies!\" \/>\n<meta name=\"robots\" content=\"index, follow, max-snippet:-1, max-image-preview:large, max-video-preview:-1\" \/>\n<link rel=\"canonical\" href=\"https:\/\/sweekie.com\/index.php\/produit\/clips-a-chaussures-sourire\/\" \/>\n<meta property=\"og:locale\" content=\"fr_FR\" \/>\n<meta property=\"og:type\" content=\"article\" \/>\n<meta property=\"og:title\" content=\"Sourire chocolat (clips \u00e0 chaussures) - Sweekie\" \/>\n<meta property=\"og:description\" content=\"Sourire chocolat (clips \u00e0 chaussures)- r\u00e9alis\u00e9s \u00e0 la main et avec amour en France -les clips sont personnalisables selon vos envies!\" \/>\n<meta property=\"og:url\" content=\"https:\/\/sweekie.com\/index.php\/produit\/clips-a-chaussures-sourire\/\" \/>\n<meta property=\"og:site_name\" content=\"Sweekie\" \/>\n<meta property=\"article:modified_time\" content=\"2022-01-05T21:53:46+00:00\" \/>\n<meta property=\"og:image\" content=\"https:\/\/sweekie.com\/wp-content\/uploads\/2021\/03\/clip-a\u0300-chaussures-sweekie-scaled-e1629209561654.jpg\" \/>\n\t<meta property=\"og:image:width\" content=\"1011\" \/>\n\t<meta property=\"og:image:height\" content=\"1126\" \/>\n\t<meta property=\"og:image:type\" content=\"image\/jpeg\" \/>\n<meta name=\"twitter:card\" content=\"summary_large_image\" \/>\n<meta name=\"twitter:label1\" content=\"Dur\u00e9e de lecture estim\u00e9e\" \/>\n\t<meta name=\"twitter:data1\" content=\"1 minute\" \/>\n<script type=\"application\/ld+json\" class=\"yoast-schema-graph\">{\"@context\":\"https:\/\/schema.org\",\"@graph\":[{\"@type\":\"WebPage\",\"@id\":\"https:\/\/sweekie.com\/index.php\/produit\/clips-a-chaussures-sourire\/\",\"url\":\"https:\/\/sweekie.com\/index.php\/produit\/clips-a-chaussures-sourire\/\",\"name\":\"Sourire chocolat (clips \u00e0 chaussures) - Sweekie\",\"isPartOf\":{\"@id\":\"https:\/\/sweekie.com\/#website\"},\"datePublished\":\"2021-03-22T17:54:38+00:00\",\"dateModified\":\"2022-01-05T21:53:46+00:00\",\"description\":\"Sourire chocolat (clips \u00e0 chaussures)- r\u00e9alis\u00e9s \u00e0 la main et avec amour en France -les clips sont personnalisables selon vos envies!\",\"breadcrumb\":{\"@id\":\"https:\/\/sweekie.com\/index.php\/produit\/clips-a-chaussures-sourire\/#breadcrumb\"},\"inLanguage\":\"fr-FR\",\"potentialAction\":[{\"@type\":\"ReadAction\",\"target\":[\"https:\/\/sweekie.com\/index.php\/produit\/clips-a-chaussures-sourire\/\"]}]},{\"@type\":\"BreadcrumbList\",\"@id\":\"https:\/\/sweekie.com\/index.php\/produit\/clips-a-chaussures-sourire\/#breadcrumb\",\"itemListElement\":[{\"@type\":\"ListItem\",\"position\":1,\"name\":\"Accueil\",\"item\":\"https:\/\/sweekie.com\/\"},{\"@type\":\"ListItem\",\"position\":2,\"name\":\"Boutique\",\"item\":\"https:\/\/sweekie.com\/index.php\/sweekie-boutique\/\"},{\"@type\":\"ListItem\",\"position\":3,\"name\":\"Sourire chocolat (clips \u00e0 chaussures)\"}]},{\"@type\":\"WebSite\",\"@id\":\"https:\/\/sweekie.com\/#website\",\"url\":\"https:\/\/sweekie.com\/\",\"name\":\"Sweekie\",\"description\":\"La gourmandise \u00e0 la Fran\u00e7aise!\",\"publisher\":{\"@id\":\"https:\/\/sweekie.com\/#organization\"},\"potentialAction\":[{\"@type\":\"SearchAction\",\"target\":{\"@type\":\"EntryPoint\",\"urlTemplate\":\"https:\/\/sweekie.com\/?s={search_term_string}\"},\"query-input\":\"required name=search_term_string\"}],\"inLanguage\":\"fr-FR\"},{\"@type\":\"Organization\",\"@id\":\"https:\/\/sweekie.com\/#organization\",\"name\":\"Sweekie\",\"url\":\"https:\/\/sweekie.com\/\",\"logo\":{\"@type\":\"ImageObject\",\"inLanguage\":\"fr-FR\",\"@id\":\"https:\/\/sweekie.com\/#\/schema\/logo\/image\/\",\"url\":\"https:\/\/sweekie.com\/wp-content\/uploads\/2021\/03\/cropped-logo-drapeau-1.png\",\"contentUrl\":\"https:\/\/sweekie.com\/wp-content\/uploads\/2021\/03\/cropped-logo-drapeau-1.png\",\"width\":512,\"height\":512,\"caption\":\"Sweekie\"},\"image\":{\"@id\":\"https:\/\/sweekie.com\/#\/schema\/logo\/image\/\"}}]}<\/script>\n<!-- \/ Yoast SEO plugin. -->","yoast_head_json":{"title":"Sourire chocolat (clips \u00e0 chaussures) - Sweekie","description":"Sourire chocolat (clips \u00e0 chaussures)- r\u00e9alis\u00e9s \u00e0 la main et avec amour en France -les clips sont personnalisables selon vos envies!","robots":{"index":"index","follow":"follow","max-snippet":"max-snippet:-1","max-image-preview":"max-image-preview:large","max-video-preview":"max-video-preview:-1"},"canonical":"https:\/\/sweekie.com\/index.php\/produit\/clips-a-chaussures-sourire\/","og_locale":"fr_FR","og_type":"article","og_title":"Sourire chocolat (clips \u00e0 chaussures) - Sweekie","og_description":"Sourire chocolat (clips \u00e0 chaussures)- r\u00e9alis\u00e9s \u00e0 la main et avec amour en France -les clips sont personnalisables selon vos envies!","og_url":"https:\/\/sweekie.com\/index.php\/produit\/clips-a-chaussures-sourire\/","og_site_name":"Sweekie","article_modified_time":"2022-01-05T21:53:46+00:00","og_image":[{"width":1011,"height":1126,"url":"https:\/\/sweekie.com\/wp-content\/uploads\/2021\/03\/clip-a\u0300-chaussures-sweekie-scaled-e1629209561654.jpg","type":"image\/jpeg"}],"twitter_card":"summary_large_image","twitter_misc":{"Dur\u00e9e de lecture estim\u00e9e":"1 minute"},"schema":{"@context":"https:\/\/schema.org","@graph":[{"@type":"WebPage","@id":"https:\/\/sweekie.com\/index.php\/produit\/clips-a-chaussures-sourire\/","url":"https:\/\/sweekie.com\/index.php\/produit\/clips-a-chaussures-sourire\/","name":"Sourire chocolat (clips \u00e0 chaussures) - Sweekie","isPartOf":{"@id":"https:\/\/sweekie.com\/#website"},"datePublished":"2021-03-22T17:54:38+00:00","dateModified":"2022-01-05T21:53:46+00:00","description":"Sourire chocolat (clips \u00e0 chaussures)- r\u00e9alis\u00e9s \u00e0 la main et avec amour en France -les clips sont personnalisables selon vos envies!","breadcrumb":{"@id":"https:\/\/sweekie.com\/index.php\/produit\/clips-a-chaussures-sourire\/#breadcrumb"},"inLanguage":"fr-FR","potentialAction":[{"@type":"ReadAction","target":["https:\/\/sweekie.com\/index.php\/produit\/clips-a-chaussures-sourire\/"]}]},{"@type":"BreadcrumbList","@id":"https:\/\/sweekie.com\/index.php\/produit\/clips-a-chaussures-sourire\/#breadcrumb","itemListElement":[{"@type":"ListItem","position":1,"name":"Accueil","item":"https:\/\/sweekie.com\/"},{"@type":"ListItem","position":2,"name":"Boutique","item":"https:\/\/sweekie.com\/index.php\/sweekie-boutique\/"},{"@type":"ListItem","position":3,"name":"Sourire chocolat (clips \u00e0 chaussures)"}]},{"@type":"WebSite","@id":"https:\/\/sweekie.com\/#website","url":"https:\/\/sweekie.com\/","name":"Sweekie","description":"La gourmandise \u00e0 la Fran\u00e7aise!","publisher":{"@id":"https:\/\/sweekie.com\/#organization"},"potentialAction":[{"@type":"SearchAction","target":{"@type":"EntryPoint","urlTemplate":"https:\/\/sweekie.com\/?s={search_term_string}"},"query-input":"required name=search_term_string"}],"inLanguage":"fr-FR"},{"@type":"Organization","@id":"https:\/\/sweekie.com\/#organization","name":"Sweekie","url":"https:\/\/sweekie.com\/","logo":{"@type":"ImageObject","inLanguage":"fr-FR","@id":"https:\/\/sweekie.com\/#\/schema\/logo\/image\/","url":"https:\/\/sweekie.com\/wp-content\/uploads\/2021\/03\/cropped-logo-drapeau-1.png","contentUrl":"https:\/\/sweekie.com\/wp-content\/uploads\/2021\/03\/cropped-logo-drapeau-1.png","width":512,"height":512,"caption":"Sweekie"},"image":{"@id":"https:\/\/sweekie.com\/#\/schema\/logo\/image\/"}}]}},"_links":{"self":[{"href":"https:\/\/sweekie.com\/index.php\/wp-json\/wp\/v2\/product\/394"}],"collection":[{"href":"https:\/\/sweekie.com\/index.php\/wp-json\/wp\/v2\/product"}],"about":[{"href":"https:\/\/sweekie.com\/index.php\/wp-json\/wp\/v2\/types\/product"}],"wp:featuredmedia":[{"embeddable":true,"href":"https:\/\/sweekie.com\/index.php\/wp-json\/wp\/v2\/media\/1288"}],"wp:attachment":[{"href":"https:\/\/sweekie.com\/index.php\/wp-json\/wp\/v2\/media?parent=394"}],"wp:term":[{"taxonomy":"product_cat","embeddable":true,"href":"https:\/\/sweekie.com\/index.php\/wp-json\/wp\/v2\/product_cat?post=394"},{"taxonomy":"product_tag","embeddable":true,"href":"https:\/\/sweekie.com\/index.php\/wp-json\/wp\/v2\/product_tag?post=394"}],"curies":[{"name":"wp","href":"https:\/\/api.w.org\/{rel}","templated":true}]}}