{"id":381,"date":"2021-03-22T17:35:30","date_gmt":"2021-03-22T16:35:30","guid":{"rendered":"https:\/\/sweekie.com\/?post_type=product&#038;p=381"},"modified":"2022-01-05T22:54:59","modified_gmt":"2022-01-05T21:54:59","slug":"clips-a-chaussures-chantilly-et-cerises","status":"publish","type":"product","link":"https:\/\/sweekie.com\/index.php\/produit\/clips-a-chaussures-chantilly-et-cerises\/","title":{"rendered":"Chantilly et cerises (clips \u00e0 chaussures)"},"content":{"rendered":"<h2 style=\"text-align: center;\">Les <em><strong>clips \u00e0 chaussures chantilly et cerises<\/strong><\/em><\/h2>\n<p style=\"text-align: center;\"><strong><em>Clips \u00e0 chaussures chantilly et cerises<\/em><\/strong><\/p>\n<p style=\"text-align: center;\">Les clips \u00e0 chaussures chantilly et cerises sont enti\u00e8rement r\u00e9alis\u00e9s et peints \u00e0 la main dans notre atelier en France. Chaque pi\u00e8ce est unique et originale.<br \/>\nShoes addict, vous souhaitez aller encore plus loin dans l&#8217;originalit\u00e9? Les customiser? Rendre originale votre paire d&#8217;escarpins noirs? Qu&#8217;on remarque votre paire de vans bien aim\u00e9e? Rendre vos chaussures uniques?<br \/>\nSucc\u00e8s garanti avec nos clips \u00e0 chaussures!<br \/>\nTel un cornet de glace, arborez fi\u00e8rement \u00e0 vos pieds ces clips \u00e0 chaussures chantilly et cerises!<br \/>\nVous pouvez aussi bien adapter les clips \u00e0 des escarpins, des ballerines mais aussi des baskets par exemple, et ainsi customiser toutes vos paires favorites en un seul clip!<br \/>\nSculpt\u00e9 dans une p\u00e2te dure, nous avons recouvert le dos du clip d\u2019un similicuir de qualit\u00e9, d\u2019une couleur assortie, qui prot\u00e9gera vos souliers pr\u00e9f\u00e9r\u00e9s.<\/p>\n<p style=\"text-align: center;\">Vous souhaitez l\u2019assortir \u00e0 votre sac \u00e0 main? D\u00e9couvrez le\u00a0<a href=\"https:\/\/sweekie.com\/index.php\/produit\/cherry-layer-cake-bag-sac-layer-cake-cerise\/\">sac layer cake \u00e0 la cerise<\/a>, le <a href=\"https:\/\/sweekie.com\/index.php\/produit\/pancakes-bag-sac-pancakes-2\/\">sac pancakes au chocolat<\/a> ou le <a href=\"https:\/\/sweekie.com\/index.php\/produit\/tarte-aux-fruits-sac-fruits-tart-bag\/\">sac tarte aux fruits<\/a>.<\/p>\n<p style=\"text-align: center;\">Le d\u00e9lai de fabrication est aujourd\u2019hui de 4 \u00e0 6 semaines.<\/p>\n<p style=\"text-align: center;\">Vous avez une une envie particuli\u00e8re? Vous souhaitez des clips \u00e0 chaussures personnalis\u00e9s? Contactez nous sur notre\u00a0<a href=\"https:\/\/sweekie.com\/index.php\/contact\/\">formulaire de contact<\/a>\u00a0ou sur\u00a0<a href=\"https:\/\/www.instagram.com\/sweekie.purse\/\">instagram<\/a>.<\/p>\n<p style=\"text-align: center;\">\n","protected":false},"excerpt":{"rendered":"<p>Les clips \u00e0 chaussures chantilly et cerises Clips \u00e0 chaussures chantilly et cerises Les clips \u00e0 chaussures chantilly et cerises sont enti\u00e8rement r\u00e9alis\u00e9s et peints \u00e0 la main dans notre atelier en France. Chaque pi\u00e8ce est unique et originale. Shoes addict, vous souhaitez aller encore plus loin dans l&#8217;originalit\u00e9? Les customiser? Rendre originale votre paire [&hellip;]<\/p>\n","protected":false},"featured_media":1170,"template":"","meta":[],"product_cat":[15,25],"product_tag":[212,214,211],"class_list":["post-381","product","type-product","status-publish","has-post-thumbnail","hentry","product_cat-tous-les-produits","product_cat-clips-a-chaussures","product_tag-clips-a-chaussures-chantilly","product_tag-clips-a-chaussures-originaux","product_tag-clips-a-chaussures-sweekie"],"yoast_head":"<!-- This site is optimized with the Yoast SEO plugin v20.12 - https:\/\/yoast.com\/wordpress\/plugins\/seo\/ -->\n<title>Chantilly et cerises (clips \u00e0 chaussures) - Sweekie<\/title>\n<meta name=\"description\" content=\"Clips \u00e0 chaussures chantilly et cerises - r\u00e9alis\u00e9 \u00e0 la main en France - les sacs sont personnalisables selon vos envies!\" \/>\n<meta name=\"robots\" content=\"index, follow, max-snippet:-1, max-image-preview:large, max-video-preview:-1\" \/>\n<link rel=\"canonical\" href=\"https:\/\/sweekie.com\/index.php\/produit\/clips-a-chaussures-chantilly-et-cerises\/\" \/>\n<meta property=\"og:locale\" content=\"fr_FR\" \/>\n<meta property=\"og:type\" content=\"article\" \/>\n<meta property=\"og:title\" content=\"Chantilly et cerises (clips \u00e0 chaussures) - Sweekie\" \/>\n<meta property=\"og:description\" content=\"Clips \u00e0 chaussures chantilly et cerises - r\u00e9alis\u00e9 \u00e0 la main en France - les sacs sont personnalisables selon vos envies!\" \/>\n<meta property=\"og:url\" content=\"https:\/\/sweekie.com\/index.php\/produit\/clips-a-chaussures-chantilly-et-cerises\/\" \/>\n<meta property=\"og:site_name\" content=\"Sweekie\" \/>\n<meta property=\"article:modified_time\" content=\"2022-01-05T21:54:59+00:00\" \/>\n<meta property=\"og:image\" content=\"https:\/\/sweekie.com\/wp-content\/uploads\/2021\/03\/clips-cerise-chantilly-chaussures-scaled.jpg\" \/>\n\t<meta property=\"og:image:width\" content=\"2560\" \/>\n\t<meta property=\"og:image:height\" content=\"1707\" \/>\n\t<meta property=\"og:image:type\" content=\"image\/jpeg\" \/>\n<meta name=\"twitter:card\" content=\"summary_large_image\" \/>\n<meta name=\"twitter:label1\" content=\"Dur\u00e9e de lecture estim\u00e9e\" \/>\n\t<meta name=\"twitter:data1\" content=\"3 minutes\" \/>\n<script type=\"application\/ld+json\" class=\"yoast-schema-graph\">{\"@context\":\"https:\/\/schema.org\",\"@graph\":[{\"@type\":\"WebPage\",\"@id\":\"https:\/\/sweekie.com\/index.php\/produit\/clips-a-chaussures-chantilly-et-cerises\/\",\"url\":\"https:\/\/sweekie.com\/index.php\/produit\/clips-a-chaussures-chantilly-et-cerises\/\",\"name\":\"Chantilly et cerises (clips \u00e0 chaussures) - Sweekie\",\"isPartOf\":{\"@id\":\"https:\/\/sweekie.com\/#website\"},\"datePublished\":\"2021-03-22T16:35:30+00:00\",\"dateModified\":\"2022-01-05T21:54:59+00:00\",\"description\":\"Clips \u00e0 chaussures chantilly et cerises - r\u00e9alis\u00e9 \u00e0 la main en France - les sacs sont personnalisables selon vos envies!\",\"breadcrumb\":{\"@id\":\"https:\/\/sweekie.com\/index.php\/produit\/clips-a-chaussures-chantilly-et-cerises\/#breadcrumb\"},\"inLanguage\":\"fr-FR\",\"potentialAction\":[{\"@type\":\"ReadAction\",\"target\":[\"https:\/\/sweekie.com\/index.php\/produit\/clips-a-chaussures-chantilly-et-cerises\/\"]}]},{\"@type\":\"BreadcrumbList\",\"@id\":\"https:\/\/sweekie.com\/index.php\/produit\/clips-a-chaussures-chantilly-et-cerises\/#breadcrumb\",\"itemListElement\":[{\"@type\":\"ListItem\",\"position\":1,\"name\":\"Accueil\",\"item\":\"https:\/\/sweekie.com\/\"},{\"@type\":\"ListItem\",\"position\":2,\"name\":\"Boutique\",\"item\":\"https:\/\/sweekie.com\/index.php\/sweekie-boutique\/\"},{\"@type\":\"ListItem\",\"position\":3,\"name\":\"Chantilly et cerises (clips \u00e0 chaussures)\"}]},{\"@type\":\"WebSite\",\"@id\":\"https:\/\/sweekie.com\/#website\",\"url\":\"https:\/\/sweekie.com\/\",\"name\":\"Sweekie\",\"description\":\"La gourmandise \u00e0 la Fran\u00e7aise!\",\"publisher\":{\"@id\":\"https:\/\/sweekie.com\/#organization\"},\"potentialAction\":[{\"@type\":\"SearchAction\",\"target\":{\"@type\":\"EntryPoint\",\"urlTemplate\":\"https:\/\/sweekie.com\/?s={search_term_string}\"},\"query-input\":\"required name=search_term_string\"}],\"inLanguage\":\"fr-FR\"},{\"@type\":\"Organization\",\"@id\":\"https:\/\/sweekie.com\/#organization\",\"name\":\"Sweekie\",\"url\":\"https:\/\/sweekie.com\/\",\"logo\":{\"@type\":\"ImageObject\",\"inLanguage\":\"fr-FR\",\"@id\":\"https:\/\/sweekie.com\/#\/schema\/logo\/image\/\",\"url\":\"https:\/\/sweekie.com\/wp-content\/uploads\/2021\/03\/cropped-logo-drapeau-1.png\",\"contentUrl\":\"https:\/\/sweekie.com\/wp-content\/uploads\/2021\/03\/cropped-logo-drapeau-1.png\",\"width\":512,\"height\":512,\"caption\":\"Sweekie\"},\"image\":{\"@id\":\"https:\/\/sweekie.com\/#\/schema\/logo\/image\/\"}}]}<\/script>\n<!-- \/ Yoast SEO plugin. -->","yoast_head_json":{"title":"Chantilly et cerises (clips \u00e0 chaussures) - Sweekie","description":"Clips \u00e0 chaussures chantilly et cerises - r\u00e9alis\u00e9 \u00e0 la main en France - les sacs sont personnalisables selon vos envies!","robots":{"index":"index","follow":"follow","max-snippet":"max-snippet:-1","max-image-preview":"max-image-preview:large","max-video-preview":"max-video-preview:-1"},"canonical":"https:\/\/sweekie.com\/index.php\/produit\/clips-a-chaussures-chantilly-et-cerises\/","og_locale":"fr_FR","og_type":"article","og_title":"Chantilly et cerises (clips \u00e0 chaussures) - Sweekie","og_description":"Clips \u00e0 chaussures chantilly et cerises - r\u00e9alis\u00e9 \u00e0 la main en France - les sacs sont personnalisables selon vos envies!","og_url":"https:\/\/sweekie.com\/index.php\/produit\/clips-a-chaussures-chantilly-et-cerises\/","og_site_name":"Sweekie","article_modified_time":"2022-01-05T21:54:59+00:00","og_image":[{"width":2560,"height":1707,"url":"https:\/\/sweekie.com\/wp-content\/uploads\/2021\/03\/clips-cerise-chantilly-chaussures-scaled.jpg","type":"image\/jpeg"}],"twitter_card":"summary_large_image","twitter_misc":{"Dur\u00e9e de lecture estim\u00e9e":"3 minutes"},"schema":{"@context":"https:\/\/schema.org","@graph":[{"@type":"WebPage","@id":"https:\/\/sweekie.com\/index.php\/produit\/clips-a-chaussures-chantilly-et-cerises\/","url":"https:\/\/sweekie.com\/index.php\/produit\/clips-a-chaussures-chantilly-et-cerises\/","name":"Chantilly et cerises (clips \u00e0 chaussures) - Sweekie","isPartOf":{"@id":"https:\/\/sweekie.com\/#website"},"datePublished":"2021-03-22T16:35:30+00:00","dateModified":"2022-01-05T21:54:59+00:00","description":"Clips \u00e0 chaussures chantilly et cerises - r\u00e9alis\u00e9 \u00e0 la main en France - les sacs sont personnalisables selon vos envies!","breadcrumb":{"@id":"https:\/\/sweekie.com\/index.php\/produit\/clips-a-chaussures-chantilly-et-cerises\/#breadcrumb"},"inLanguage":"fr-FR","potentialAction":[{"@type":"ReadAction","target":["https:\/\/sweekie.com\/index.php\/produit\/clips-a-chaussures-chantilly-et-cerises\/"]}]},{"@type":"BreadcrumbList","@id":"https:\/\/sweekie.com\/index.php\/produit\/clips-a-chaussures-chantilly-et-cerises\/#breadcrumb","itemListElement":[{"@type":"ListItem","position":1,"name":"Accueil","item":"https:\/\/sweekie.com\/"},{"@type":"ListItem","position":2,"name":"Boutique","item":"https:\/\/sweekie.com\/index.php\/sweekie-boutique\/"},{"@type":"ListItem","position":3,"name":"Chantilly et cerises (clips \u00e0 chaussures)"}]},{"@type":"WebSite","@id":"https:\/\/sweekie.com\/#website","url":"https:\/\/sweekie.com\/","name":"Sweekie","description":"La gourmandise \u00e0 la Fran\u00e7aise!","publisher":{"@id":"https:\/\/sweekie.com\/#organization"},"potentialAction":[{"@type":"SearchAction","target":{"@type":"EntryPoint","urlTemplate":"https:\/\/sweekie.com\/?s={search_term_string}"},"query-input":"required name=search_term_string"}],"inLanguage":"fr-FR"},{"@type":"Organization","@id":"https:\/\/sweekie.com\/#organization","name":"Sweekie","url":"https:\/\/sweekie.com\/","logo":{"@type":"ImageObject","inLanguage":"fr-FR","@id":"https:\/\/sweekie.com\/#\/schema\/logo\/image\/","url":"https:\/\/sweekie.com\/wp-content\/uploads\/2021\/03\/cropped-logo-drapeau-1.png","contentUrl":"https:\/\/sweekie.com\/wp-content\/uploads\/2021\/03\/cropped-logo-drapeau-1.png","width":512,"height":512,"caption":"Sweekie"},"image":{"@id":"https:\/\/sweekie.com\/#\/schema\/logo\/image\/"}}]}},"_links":{"self":[{"href":"https:\/\/sweekie.com\/index.php\/wp-json\/wp\/v2\/product\/381"}],"collection":[{"href":"https:\/\/sweekie.com\/index.php\/wp-json\/wp\/v2\/product"}],"about":[{"href":"https:\/\/sweekie.com\/index.php\/wp-json\/wp\/v2\/types\/product"}],"wp:featuredmedia":[{"embeddable":true,"href":"https:\/\/sweekie.com\/index.php\/wp-json\/wp\/v2\/media\/1170"}],"wp:attachment":[{"href":"https:\/\/sweekie.com\/index.php\/wp-json\/wp\/v2\/media?parent=381"}],"wp:term":[{"taxonomy":"product_cat","embeddable":true,"href":"https:\/\/sweekie.com\/index.php\/wp-json\/wp\/v2\/product_cat?post=381"},{"taxonomy":"product_tag","embeddable":true,"href":"https:\/\/sweekie.com\/index.php\/wp-json\/wp\/v2\/product_tag?post=381"}],"curies":[{"name":"wp","href":"https:\/\/api.w.org\/{rel}","templated":true}]}}