{"id":1579,"date":"2021-11-24T17:59:43","date_gmt":"2021-11-24T16:59:43","guid":{"rendered":"https:\/\/sweekie.com\/?post_type=product&#038;p=1579"},"modified":"2022-01-05T17:18:07","modified_gmt":"2022-01-05T16:18:07","slug":"tea-time-pochette","status":"publish","type":"product","link":"https:\/\/sweekie.com\/index.php\/produit\/tea-time-pochette\/","title":{"rendered":"Tea Time (pochette)"},"content":{"rendered":"<h2 style=\"text-align: center;\">Tea Time (pochette)<\/h2>\n<p style=\"text-align: center;\"><strong><em>Pochette Tea Time<\/em><\/strong><\/p>\n<p style=\"text-align: center;\">Sac enti\u00e8rement r\u00e9alis\u00e9 et peint \u00e0 la main dans notre atelier fran\u00e7ais. Chaque pi\u00e8ce est unique.<br \/>\nEmportez fi\u00e8rement, partout avec vous ce sac, repr\u00e9sentant un plateau sur lequel on retrouve une assiette de madeleines, une tasse de th\u00e9 au citron et sa soucoupe, ainsi qu&#8217;une jolie fleur qui semble cueillie du jour.<br \/>\nCe sac est parfait pour faire baver d&#8217;envie toutes les personnes que vous rencontrez! Succ\u00e8s garanti aupr\u00e8s de vos amis!<\/p>\n<p style=\"text-align: center;\">Disponible \u00e9galement la version plateau de gourmandises <a href=\"https:\/\/sweekie.com\/index.php\/produit\/lheure-du-gouter-sac\/\">L\u2019heure du go\u00fbter (sac)<\/a>!<\/p>\n<p style=\"text-align: center;\">Cette pochette est sculpt\u00e9e dans une p\u00e2te dure.<br \/>\nLe dos du sac est recouvert d&#8217;un similicuir de qualit\u00e9, d&#8217;une couleur assortie au sac (blanche), que vous pouvez ouvrir gr\u00e2ce \u00e0 une fermeture \u00e9clair blanche.<br \/>\nVous pouvez porter votre sac gr\u00e2ce \u00e0 une anse en cha\u00eene dor\u00e9e de 120cm.<br \/>\nLe sac Tea Time est un format pochette, vous pourrez glisser quelques effets personnels, comme de la monnaie, une carte bancaire ou vos papiers par exemple. Cependant il ne pourra pas contenir votre t\u00e9l\u00e9phone.<\/p>\n<p style=\"text-align: center;\">Le d\u00e9lai de fabrication est aujourd&#8217;hui de 4 \u00e0 6 semaines.<\/p>\n<p style=\"text-align: center;\">Vous avez une une envie particuli\u00e8re? Vous souhaitez un sac personnalis\u00e9? Contactez nous sur notre\u00a0<a href=\"https:\/\/sweekie.com\/index.php\/contact\/\">formulaire de contact<\/a>\u00a0ou sur\u00a0<a href=\"https:\/\/www.instagram.com\/sweekie.purse\/\">instagram<\/a>.<\/p>\n<p style=\"text-align: center;\">\n","protected":false},"excerpt":{"rendered":"<p>Tea Time (pochette) Pochette Tea Time Sac enti\u00e8rement r\u00e9alis\u00e9 et peint \u00e0 la main dans notre atelier fran\u00e7ais. Chaque pi\u00e8ce est unique. Emportez fi\u00e8rement, partout avec vous ce sac, repr\u00e9sentant un plateau sur lequel on retrouve une assiette de madeleines, une tasse de th\u00e9 au citron et sa soucoupe, ainsi qu&#8217;une jolie fleur qui semble [&hellip;]<\/p>\n","protected":false},"featured_media":1582,"template":"","meta":[],"product_cat":[15,23],"product_tag":[197,196,202,203],"class_list":["post-1579","product","type-product","status-publish","has-post-thumbnail","hentry","product_cat-tous-les-produits","product_cat-sacs","product_tag-sac-a-main-gateau","product_tag-sac-a-main-original","product_tag-sac-a-main-patisserie","product_tag-sac-a-main-sweekie"],"yoast_head":"<!-- This site is optimized with the Yoast SEO plugin v20.12 - https:\/\/yoast.com\/wordpress\/plugins\/seo\/ -->\n<title>Tea Time (pochette) - Sweekie<\/title>\n<meta name=\"description\" content=\"Pochette tea time - r\u00e9alis\u00e9 enti\u00e8rement \u00e0 la main et avec amour en France - les sacs sont personnalisables!\" \/>\n<meta name=\"robots\" content=\"index, follow, max-snippet:-1, max-image-preview:large, max-video-preview:-1\" \/>\n<link rel=\"canonical\" href=\"https:\/\/sweekie.com\/index.php\/produit\/tea-time-pochette\/\" \/>\n<meta property=\"og:locale\" content=\"fr_FR\" \/>\n<meta property=\"og:type\" content=\"article\" \/>\n<meta property=\"og:title\" content=\"Tea Time (pochette) - Sweekie\" \/>\n<meta property=\"og:description\" content=\"Pochette tea time - r\u00e9alis\u00e9 enti\u00e8rement \u00e0 la main et avec amour en France - les sacs sont personnalisables!\" \/>\n<meta property=\"og:url\" content=\"https:\/\/sweekie.com\/index.php\/produit\/tea-time-pochette\/\" \/>\n<meta property=\"og:site_name\" content=\"Sweekie\" \/>\n<meta property=\"article:modified_time\" content=\"2022-01-05T16:18:07+00:00\" \/>\n<meta property=\"og:image\" content=\"https:\/\/sweekie.com\/wp-content\/uploads\/2021\/11\/pochette-fleur-madeleine-sweekie-scaled.jpg\" \/>\n\t<meta property=\"og:image:width\" content=\"2560\" \/>\n\t<meta property=\"og:image:height\" content=\"1375\" \/>\n\t<meta property=\"og:image:type\" content=\"image\/jpeg\" \/>\n<meta name=\"twitter:card\" content=\"summary_large_image\" \/>\n<meta name=\"twitter:label1\" content=\"Dur\u00e9e de lecture estim\u00e9e\" \/>\n\t<meta name=\"twitter:data1\" content=\"1 minute\" \/>\n<script type=\"application\/ld+json\" class=\"yoast-schema-graph\">{\"@context\":\"https:\/\/schema.org\",\"@graph\":[{\"@type\":\"WebPage\",\"@id\":\"https:\/\/sweekie.com\/index.php\/produit\/tea-time-pochette\/\",\"url\":\"https:\/\/sweekie.com\/index.php\/produit\/tea-time-pochette\/\",\"name\":\"Tea Time (pochette) - Sweekie\",\"isPartOf\":{\"@id\":\"https:\/\/sweekie.com\/#website\"},\"datePublished\":\"2021-11-24T16:59:43+00:00\",\"dateModified\":\"2022-01-05T16:18:07+00:00\",\"description\":\"Pochette tea time - r\u00e9alis\u00e9 enti\u00e8rement \u00e0 la main et avec amour en France - les sacs sont personnalisables!\",\"breadcrumb\":{\"@id\":\"https:\/\/sweekie.com\/index.php\/produit\/tea-time-pochette\/#breadcrumb\"},\"inLanguage\":\"fr-FR\",\"potentialAction\":[{\"@type\":\"ReadAction\",\"target\":[\"https:\/\/sweekie.com\/index.php\/produit\/tea-time-pochette\/\"]}]},{\"@type\":\"BreadcrumbList\",\"@id\":\"https:\/\/sweekie.com\/index.php\/produit\/tea-time-pochette\/#breadcrumb\",\"itemListElement\":[{\"@type\":\"ListItem\",\"position\":1,\"name\":\"Accueil\",\"item\":\"https:\/\/sweekie.com\/\"},{\"@type\":\"ListItem\",\"position\":2,\"name\":\"Boutique\",\"item\":\"https:\/\/sweekie.com\/index.php\/sweekie-boutique\/\"},{\"@type\":\"ListItem\",\"position\":3,\"name\":\"Tea Time (pochette)\"}]},{\"@type\":\"WebSite\",\"@id\":\"https:\/\/sweekie.com\/#website\",\"url\":\"https:\/\/sweekie.com\/\",\"name\":\"Sweekie\",\"description\":\"La gourmandise \u00e0 la Fran\u00e7aise!\",\"publisher\":{\"@id\":\"https:\/\/sweekie.com\/#organization\"},\"potentialAction\":[{\"@type\":\"SearchAction\",\"target\":{\"@type\":\"EntryPoint\",\"urlTemplate\":\"https:\/\/sweekie.com\/?s={search_term_string}\"},\"query-input\":\"required name=search_term_string\"}],\"inLanguage\":\"fr-FR\"},{\"@type\":\"Organization\",\"@id\":\"https:\/\/sweekie.com\/#organization\",\"name\":\"Sweekie\",\"url\":\"https:\/\/sweekie.com\/\",\"logo\":{\"@type\":\"ImageObject\",\"inLanguage\":\"fr-FR\",\"@id\":\"https:\/\/sweekie.com\/#\/schema\/logo\/image\/\",\"url\":\"https:\/\/sweekie.com\/wp-content\/uploads\/2021\/03\/cropped-logo-drapeau-1.png\",\"contentUrl\":\"https:\/\/sweekie.com\/wp-content\/uploads\/2021\/03\/cropped-logo-drapeau-1.png\",\"width\":512,\"height\":512,\"caption\":\"Sweekie\"},\"image\":{\"@id\":\"https:\/\/sweekie.com\/#\/schema\/logo\/image\/\"}}]}<\/script>\n<!-- \/ Yoast SEO plugin. -->","yoast_head_json":{"title":"Tea Time (pochette) - Sweekie","description":"Pochette tea time - r\u00e9alis\u00e9 enti\u00e8rement \u00e0 la main et avec amour en France - les sacs sont personnalisables!","robots":{"index":"index","follow":"follow","max-snippet":"max-snippet:-1","max-image-preview":"max-image-preview:large","max-video-preview":"max-video-preview:-1"},"canonical":"https:\/\/sweekie.com\/index.php\/produit\/tea-time-pochette\/","og_locale":"fr_FR","og_type":"article","og_title":"Tea Time (pochette) - Sweekie","og_description":"Pochette tea time - r\u00e9alis\u00e9 enti\u00e8rement \u00e0 la main et avec amour en France - les sacs sont personnalisables!","og_url":"https:\/\/sweekie.com\/index.php\/produit\/tea-time-pochette\/","og_site_name":"Sweekie","article_modified_time":"2022-01-05T16:18:07+00:00","og_image":[{"width":2560,"height":1375,"url":"https:\/\/sweekie.com\/wp-content\/uploads\/2021\/11\/pochette-fleur-madeleine-sweekie-scaled.jpg","type":"image\/jpeg"}],"twitter_card":"summary_large_image","twitter_misc":{"Dur\u00e9e de lecture estim\u00e9e":"1 minute"},"schema":{"@context":"https:\/\/schema.org","@graph":[{"@type":"WebPage","@id":"https:\/\/sweekie.com\/index.php\/produit\/tea-time-pochette\/","url":"https:\/\/sweekie.com\/index.php\/produit\/tea-time-pochette\/","name":"Tea Time (pochette) - Sweekie","isPartOf":{"@id":"https:\/\/sweekie.com\/#website"},"datePublished":"2021-11-24T16:59:43+00:00","dateModified":"2022-01-05T16:18:07+00:00","description":"Pochette tea time - r\u00e9alis\u00e9 enti\u00e8rement \u00e0 la main et avec amour en France - les sacs sont personnalisables!","breadcrumb":{"@id":"https:\/\/sweekie.com\/index.php\/produit\/tea-time-pochette\/#breadcrumb"},"inLanguage":"fr-FR","potentialAction":[{"@type":"ReadAction","target":["https:\/\/sweekie.com\/index.php\/produit\/tea-time-pochette\/"]}]},{"@type":"BreadcrumbList","@id":"https:\/\/sweekie.com\/index.php\/produit\/tea-time-pochette\/#breadcrumb","itemListElement":[{"@type":"ListItem","position":1,"name":"Accueil","item":"https:\/\/sweekie.com\/"},{"@type":"ListItem","position":2,"name":"Boutique","item":"https:\/\/sweekie.com\/index.php\/sweekie-boutique\/"},{"@type":"ListItem","position":3,"name":"Tea Time (pochette)"}]},{"@type":"WebSite","@id":"https:\/\/sweekie.com\/#website","url":"https:\/\/sweekie.com\/","name":"Sweekie","description":"La gourmandise \u00e0 la Fran\u00e7aise!","publisher":{"@id":"https:\/\/sweekie.com\/#organization"},"potentialAction":[{"@type":"SearchAction","target":{"@type":"EntryPoint","urlTemplate":"https:\/\/sweekie.com\/?s={search_term_string}"},"query-input":"required name=search_term_string"}],"inLanguage":"fr-FR"},{"@type":"Organization","@id":"https:\/\/sweekie.com\/#organization","name":"Sweekie","url":"https:\/\/sweekie.com\/","logo":{"@type":"ImageObject","inLanguage":"fr-FR","@id":"https:\/\/sweekie.com\/#\/schema\/logo\/image\/","url":"https:\/\/sweekie.com\/wp-content\/uploads\/2021\/03\/cropped-logo-drapeau-1.png","contentUrl":"https:\/\/sweekie.com\/wp-content\/uploads\/2021\/03\/cropped-logo-drapeau-1.png","width":512,"height":512,"caption":"Sweekie"},"image":{"@id":"https:\/\/sweekie.com\/#\/schema\/logo\/image\/"}}]}},"_links":{"self":[{"href":"https:\/\/sweekie.com\/index.php\/wp-json\/wp\/v2\/product\/1579"}],"collection":[{"href":"https:\/\/sweekie.com\/index.php\/wp-json\/wp\/v2\/product"}],"about":[{"href":"https:\/\/sweekie.com\/index.php\/wp-json\/wp\/v2\/types\/product"}],"wp:featuredmedia":[{"embeddable":true,"href":"https:\/\/sweekie.com\/index.php\/wp-json\/wp\/v2\/media\/1582"}],"wp:attachment":[{"href":"https:\/\/sweekie.com\/index.php\/wp-json\/wp\/v2\/media?parent=1579"}],"wp:term":[{"taxonomy":"product_cat","embeddable":true,"href":"https:\/\/sweekie.com\/index.php\/wp-json\/wp\/v2\/product_cat?post=1579"},{"taxonomy":"product_tag","embeddable":true,"href":"https:\/\/sweekie.com\/index.php\/wp-json\/wp\/v2\/product_tag?post=1579"}],"curies":[{"name":"wp","href":"https:\/\/api.w.org\/{rel}","templated":true}]}}