{"id":1468,"date":"2021-10-14T15:37:13","date_gmt":"2021-10-14T13:37:13","guid":{"rendered":"https:\/\/sweekie.com\/?post_type=product&#038;p=1468"},"modified":"2022-01-05T17:21:53","modified_gmt":"2022-01-05T16:21:53","slug":"lheure-du-gouter-sac","status":"publish","type":"product","link":"https:\/\/sweekie.com\/index.php\/produit\/lheure-du-gouter-sac\/","title":{"rendered":"L&#8217;heure du go\u00fbter (sac)"},"content":{"rendered":"<h2 style=\"text-align: center;\">L&#8217;heure du go\u00fbter (sac)<\/h2>\n<p style=\"text-align: center;\"><strong><em>Sac l&#8217;heure du go\u00fbter<\/em><\/strong><\/p>\n<p style=\"text-align: center;\">Sac enti\u00e8rement r\u00e9alis\u00e9 et peint \u00e0 la main dans notre atelier fran\u00e7ais. Chaque pi\u00e8ce est unique.<br \/>\nEmportez fi\u00e8rement, partout avec vous ce sac, repr\u00e9sentant un plateau sur lequel on retrouve une part de g\u00e2teau \u00e0 la violette ainsi qu&#8217;un cupcake au m\u00eame parfum, accompagn\u00e9 pour la d\u00e9gustation d&#8217;une v\u00e9ritable petite cuill\u00e8re dor\u00e9e.<br \/>\nCe sac est parfait pour faire baver d&#8217;envie toutes les personnes que vous rencontrez! Succ\u00e8s garanti aupr\u00e8s de vos amis!<\/p>\n<p style=\"text-align: center;\">Disponible \u00e9galement la version part de g\u00e2teau <a href=\"https:\/\/sweekie.com\/index.php\/produit\/sac-layer-cake-violette\/\">violette<\/a>, <a href=\"https:\/\/sweekie.com\/index.php\/produit\/unicorn-rainbow-cake-bag-sac-rainbow-cake-licorne\/\">multicolore<\/a>,\u00a0<a href=\"https:\/\/sweekie.com\/index.php\/produit\/sac-pastel-rainbow-cake-licorne-unicorn-rainbow-cake-bag\/\">pastel multicolore<\/a>,\u00a0<a href=\"https:\/\/sweekie.com\/index.php\/produit\/chocolate-layer-cake-bag-sac-layer-cake-chocolat\/\">chocolat<\/a> ou <a href=\"https:\/\/sweekie.com\/index.php\/produit\/cherry-layer-cake-bag-sac-layer-cake-cerise\/\">cerise<\/a>!<\/p>\n<p style=\"text-align: center;\">Sculpt\u00e9 dans une p\u00e2te dure, l&#8217;int\u00e9rieur de ce sac est creux, ce qui permet d&#8217;y glisser facilement vos effets personnels.<br \/>\nLe dos du sac est recouvert d&#8217;un similicuir de qualit\u00e9, d&#8217;une couleur assortie au sac (rose), que vous pouvez ouvrir gr\u00e2ce \u00e0 une fermeture \u00e9clair blanche.<br \/>\nVous pouvez porter votre sac gr\u00e2ce \u00e0 une anse en cha\u00eene dor\u00e9e de 120cm.<br \/>\nLe sac l&#8217;heure du go\u00fbter est un format pochette, vous pourrez glisser quelques effets personnels, comme de la monnaie, une carte bancaire ainsi que des cl\u00e9s par exemple. Cependant il ne pourra pas contenir votre t\u00e9l\u00e9phone.<\/p>\n<p style=\"text-align: center;\">Le d\u00e9lai de fabrication est aujourd&#8217;hui de 4 \u00e0 6 semaines.<\/p>\n<p style=\"text-align: center;\">Vous avez une une envie particuli\u00e8re? Vous souhaitez un sac personnalis\u00e9? Contactez nous sur notre\u00a0<a href=\"https:\/\/sweekie.com\/index.php\/contact\/\">formulaire de contact<\/a>\u00a0ou sur\u00a0<a href=\"https:\/\/www.instagram.com\/sweekie.purse\/\">instagram<\/a>.<\/p>\n<p style=\"text-align: center;\">\n","protected":false},"excerpt":{"rendered":"<p>L&#8217;heure du go\u00fbter (sac) Sac l&#8217;heure du go\u00fbter Sac enti\u00e8rement r\u00e9alis\u00e9 et peint \u00e0 la main dans notre atelier fran\u00e7ais. Chaque pi\u00e8ce est unique. Emportez fi\u00e8rement, partout avec vous ce sac, repr\u00e9sentant un plateau sur lequel on retrouve une part de g\u00e2teau \u00e0 la violette ainsi qu&#8217;un cupcake au m\u00eame parfum, accompagn\u00e9 pour la d\u00e9gustation [&hellip;]<\/p>\n","protected":false},"featured_media":1469,"template":"","meta":[],"product_cat":[15,23],"product_tag":[197,196,202,203],"class_list":["post-1468","product","type-product","status-publish","has-post-thumbnail","hentry","product_cat-tous-les-produits","product_cat-sacs","product_tag-sac-a-main-gateau","product_tag-sac-a-main-original","product_tag-sac-a-main-patisserie","product_tag-sac-a-main-sweekie"],"yoast_head":"<!-- This site is optimized with the Yoast SEO plugin v20.12 - https:\/\/yoast.com\/wordpress\/plugins\/seo\/ -->\n<title>L&#039;heure du go\u00fbter (sac) - Sweekie<\/title>\n<meta name=\"description\" content=\"Sac l&#039;heure du go\u00fbter - r\u00e9alis\u00e9 enti\u00e8rement \u00e0 la main et avec amour en France - les sacs sont personnalisables!\" \/>\n<meta name=\"robots\" content=\"index, follow, max-snippet:-1, max-image-preview:large, max-video-preview:-1\" \/>\n<link rel=\"canonical\" href=\"https:\/\/sweekie.com\/index.php\/produit\/lheure-du-gouter-sac\/\" \/>\n<meta property=\"og:locale\" content=\"fr_FR\" \/>\n<meta property=\"og:type\" content=\"article\" \/>\n<meta property=\"og:title\" content=\"L&#039;heure du go\u00fbter (sac) - Sweekie\" \/>\n<meta property=\"og:description\" content=\"Sac l&#039;heure du go\u00fbter - r\u00e9alis\u00e9 enti\u00e8rement \u00e0 la main et avec amour en France - les sacs sont personnalisables!\" \/>\n<meta property=\"og:url\" content=\"https:\/\/sweekie.com\/index.php\/produit\/lheure-du-gouter-sac\/\" \/>\n<meta property=\"og:site_name\" content=\"Sweekie\" \/>\n<meta property=\"article:modified_time\" content=\"2022-01-05T16:21:53+00:00\" \/>\n<meta property=\"og:image\" content=\"https:\/\/sweekie.com\/wp-content\/uploads\/2021\/10\/cupcake-gateau-part-sac-scaled.jpg\" \/>\n\t<meta property=\"og:image:width\" content=\"1948\" \/>\n\t<meta property=\"og:image:height\" content=\"2560\" \/>\n\t<meta property=\"og:image:type\" content=\"image\/jpeg\" \/>\n<meta name=\"twitter:card\" content=\"summary_large_image\" \/>\n<meta name=\"twitter:label1\" content=\"Dur\u00e9e de lecture estim\u00e9e\" \/>\n\t<meta name=\"twitter:data1\" content=\"1 minute\" \/>\n<script type=\"application\/ld+json\" class=\"yoast-schema-graph\">{\"@context\":\"https:\/\/schema.org\",\"@graph\":[{\"@type\":\"WebPage\",\"@id\":\"https:\/\/sweekie.com\/index.php\/produit\/lheure-du-gouter-sac\/\",\"url\":\"https:\/\/sweekie.com\/index.php\/produit\/lheure-du-gouter-sac\/\",\"name\":\"L'heure du go\u00fbter (sac) - Sweekie\",\"isPartOf\":{\"@id\":\"https:\/\/sweekie.com\/#website\"},\"datePublished\":\"2021-10-14T13:37:13+00:00\",\"dateModified\":\"2022-01-05T16:21:53+00:00\",\"description\":\"Sac l'heure du go\u00fbter - r\u00e9alis\u00e9 enti\u00e8rement \u00e0 la main et avec amour en France - les sacs sont personnalisables!\",\"breadcrumb\":{\"@id\":\"https:\/\/sweekie.com\/index.php\/produit\/lheure-du-gouter-sac\/#breadcrumb\"},\"inLanguage\":\"fr-FR\",\"potentialAction\":[{\"@type\":\"ReadAction\",\"target\":[\"https:\/\/sweekie.com\/index.php\/produit\/lheure-du-gouter-sac\/\"]}]},{\"@type\":\"BreadcrumbList\",\"@id\":\"https:\/\/sweekie.com\/index.php\/produit\/lheure-du-gouter-sac\/#breadcrumb\",\"itemListElement\":[{\"@type\":\"ListItem\",\"position\":1,\"name\":\"Accueil\",\"item\":\"https:\/\/sweekie.com\/\"},{\"@type\":\"ListItem\",\"position\":2,\"name\":\"Boutique\",\"item\":\"https:\/\/sweekie.com\/index.php\/sweekie-boutique\/\"},{\"@type\":\"ListItem\",\"position\":3,\"name\":\"L&#8217;heure du go\u00fbter (sac)\"}]},{\"@type\":\"WebSite\",\"@id\":\"https:\/\/sweekie.com\/#website\",\"url\":\"https:\/\/sweekie.com\/\",\"name\":\"Sweekie\",\"description\":\"La gourmandise \u00e0 la Fran\u00e7aise!\",\"publisher\":{\"@id\":\"https:\/\/sweekie.com\/#organization\"},\"potentialAction\":[{\"@type\":\"SearchAction\",\"target\":{\"@type\":\"EntryPoint\",\"urlTemplate\":\"https:\/\/sweekie.com\/?s={search_term_string}\"},\"query-input\":\"required name=search_term_string\"}],\"inLanguage\":\"fr-FR\"},{\"@type\":\"Organization\",\"@id\":\"https:\/\/sweekie.com\/#organization\",\"name\":\"Sweekie\",\"url\":\"https:\/\/sweekie.com\/\",\"logo\":{\"@type\":\"ImageObject\",\"inLanguage\":\"fr-FR\",\"@id\":\"https:\/\/sweekie.com\/#\/schema\/logo\/image\/\",\"url\":\"https:\/\/sweekie.com\/wp-content\/uploads\/2021\/03\/cropped-logo-drapeau-1.png\",\"contentUrl\":\"https:\/\/sweekie.com\/wp-content\/uploads\/2021\/03\/cropped-logo-drapeau-1.png\",\"width\":512,\"height\":512,\"caption\":\"Sweekie\"},\"image\":{\"@id\":\"https:\/\/sweekie.com\/#\/schema\/logo\/image\/\"}}]}<\/script>\n<!-- \/ Yoast SEO plugin. -->","yoast_head_json":{"title":"L'heure du go\u00fbter (sac) - Sweekie","description":"Sac l'heure du go\u00fbter - r\u00e9alis\u00e9 enti\u00e8rement \u00e0 la main et avec amour en France - les sacs sont personnalisables!","robots":{"index":"index","follow":"follow","max-snippet":"max-snippet:-1","max-image-preview":"max-image-preview:large","max-video-preview":"max-video-preview:-1"},"canonical":"https:\/\/sweekie.com\/index.php\/produit\/lheure-du-gouter-sac\/","og_locale":"fr_FR","og_type":"article","og_title":"L'heure du go\u00fbter (sac) - Sweekie","og_description":"Sac l'heure du go\u00fbter - r\u00e9alis\u00e9 enti\u00e8rement \u00e0 la main et avec amour en France - les sacs sont personnalisables!","og_url":"https:\/\/sweekie.com\/index.php\/produit\/lheure-du-gouter-sac\/","og_site_name":"Sweekie","article_modified_time":"2022-01-05T16:21:53+00:00","og_image":[{"width":1948,"height":2560,"url":"https:\/\/sweekie.com\/wp-content\/uploads\/2021\/10\/cupcake-gateau-part-sac-scaled.jpg","type":"image\/jpeg"}],"twitter_card":"summary_large_image","twitter_misc":{"Dur\u00e9e de lecture estim\u00e9e":"1 minute"},"schema":{"@context":"https:\/\/schema.org","@graph":[{"@type":"WebPage","@id":"https:\/\/sweekie.com\/index.php\/produit\/lheure-du-gouter-sac\/","url":"https:\/\/sweekie.com\/index.php\/produit\/lheure-du-gouter-sac\/","name":"L'heure du go\u00fbter (sac) - Sweekie","isPartOf":{"@id":"https:\/\/sweekie.com\/#website"},"datePublished":"2021-10-14T13:37:13+00:00","dateModified":"2022-01-05T16:21:53+00:00","description":"Sac l'heure du go\u00fbter - r\u00e9alis\u00e9 enti\u00e8rement \u00e0 la main et avec amour en France - les sacs sont personnalisables!","breadcrumb":{"@id":"https:\/\/sweekie.com\/index.php\/produit\/lheure-du-gouter-sac\/#breadcrumb"},"inLanguage":"fr-FR","potentialAction":[{"@type":"ReadAction","target":["https:\/\/sweekie.com\/index.php\/produit\/lheure-du-gouter-sac\/"]}]},{"@type":"BreadcrumbList","@id":"https:\/\/sweekie.com\/index.php\/produit\/lheure-du-gouter-sac\/#breadcrumb","itemListElement":[{"@type":"ListItem","position":1,"name":"Accueil","item":"https:\/\/sweekie.com\/"},{"@type":"ListItem","position":2,"name":"Boutique","item":"https:\/\/sweekie.com\/index.php\/sweekie-boutique\/"},{"@type":"ListItem","position":3,"name":"L&#8217;heure du go\u00fbter (sac)"}]},{"@type":"WebSite","@id":"https:\/\/sweekie.com\/#website","url":"https:\/\/sweekie.com\/","name":"Sweekie","description":"La gourmandise \u00e0 la Fran\u00e7aise!","publisher":{"@id":"https:\/\/sweekie.com\/#organization"},"potentialAction":[{"@type":"SearchAction","target":{"@type":"EntryPoint","urlTemplate":"https:\/\/sweekie.com\/?s={search_term_string}"},"query-input":"required name=search_term_string"}],"inLanguage":"fr-FR"},{"@type":"Organization","@id":"https:\/\/sweekie.com\/#organization","name":"Sweekie","url":"https:\/\/sweekie.com\/","logo":{"@type":"ImageObject","inLanguage":"fr-FR","@id":"https:\/\/sweekie.com\/#\/schema\/logo\/image\/","url":"https:\/\/sweekie.com\/wp-content\/uploads\/2021\/03\/cropped-logo-drapeau-1.png","contentUrl":"https:\/\/sweekie.com\/wp-content\/uploads\/2021\/03\/cropped-logo-drapeau-1.png","width":512,"height":512,"caption":"Sweekie"},"image":{"@id":"https:\/\/sweekie.com\/#\/schema\/logo\/image\/"}}]}},"_links":{"self":[{"href":"https:\/\/sweekie.com\/index.php\/wp-json\/wp\/v2\/product\/1468"}],"collection":[{"href":"https:\/\/sweekie.com\/index.php\/wp-json\/wp\/v2\/product"}],"about":[{"href":"https:\/\/sweekie.com\/index.php\/wp-json\/wp\/v2\/types\/product"}],"wp:featuredmedia":[{"embeddable":true,"href":"https:\/\/sweekie.com\/index.php\/wp-json\/wp\/v2\/media\/1469"}],"wp:attachment":[{"href":"https:\/\/sweekie.com\/index.php\/wp-json\/wp\/v2\/media?parent=1468"}],"wp:term":[{"taxonomy":"product_cat","embeddable":true,"href":"https:\/\/sweekie.com\/index.php\/wp-json\/wp\/v2\/product_cat?post=1468"},{"taxonomy":"product_tag","embeddable":true,"href":"https:\/\/sweekie.com\/index.php\/wp-json\/wp\/v2\/product_tag?post=1468"}],"curies":[{"name":"wp","href":"https:\/\/api.w.org\/{rel}","templated":true}]}}