{"id":1461,"date":"2021-10-07T16:41:29","date_gmt":"2021-10-07T14:41:29","guid":{"rendered":"https:\/\/sweekie.com\/?post_type=product&#038;p=1461"},"modified":"2022-01-05T17:50:07","modified_gmt":"2022-01-05T16:50:07","slug":"preparation-de-biscuits-de-noel-broche","status":"publish","type":"product","link":"https:\/\/sweekie.com\/index.php\/produit\/preparation-de-biscuits-de-noel-broche\/","title":{"rendered":"Pr\u00e9paration des biscuits de no\u00ebl (broche)"},"content":{"rendered":"<h2 style=\"text-align: center;\"><em><strong>Broche pr\u00e9paration des biscuits de no\u00ebl<\/strong><\/em><\/h2>\n<p style=\"text-align: center;\"><em><strong>Broche pr\u00e9paration des biscuits de no\u00ebl<\/strong><\/em><\/p>\n<p style=\"text-align: center;\">Les broches sont enti\u00e8rement imagin\u00e9es, r\u00e9alis\u00e9es et peintes \u00e0 la main dans notre atelier fran\u00e7ais.<br \/>\nLes broches sont r\u00e9alis\u00e9es en s\u00e9rie tr\u00e8s limit\u00e9e.<\/p>\n<p style=\"text-align: center;\">Succ\u00e8s garanti avec nos broches !<br \/>\nArborez fi\u00e8rement cette broche pr\u00e9paration de biscuits, rouleau \u00e0 p\u00e2tisserie abaissant la p\u00e2te, petit biscuit et poche \u00e0 douille pour le d\u00e9corer.<br \/>\nAussi originale qu&#8217;elle est gourmande, les gens que vous croisez se retourneront sur vous pour admirer ce petit d\u00e9tail de votre tenue, le d\u00e9tail qui tue!<br \/>\nUn accessoire qui vous permet de customiser vos tenues en un seul clip.<\/p>\n<p style=\"text-align: center;\">Sur ce petit plateau en metal, chaque aliment est sculpt\u00e9 dans une p\u00e2te dure<\/p>\n<p style=\"text-align: center;\">Le d\u00e9lai de fabrication est aujourd\u2019hui de 1 semaine pour les broches.<\/p>\n<p style=\"text-align: center;\">Vous avez une une envie particuli\u00e8re? Vous souhaitez des clips \u00e0 chaussures personnalis\u00e9s? Contactez nous sur notre\u00a0<a href=\"https:\/\/sweekie.com\/index.php\/contact\/\">formulaire de contact<\/a>\u00a0ou sur\u00a0<a href=\"https:\/\/www.instagram.com\/sweekie.purse\/\">instagram<\/a>.<\/p>\n<p style=\"text-align: center;\">\n","protected":false},"excerpt":{"rendered":"<p>Broche pr\u00e9paration des biscuits de no\u00ebl Broche pr\u00e9paration des biscuits de no\u00ebl Les broches sont enti\u00e8rement imagin\u00e9es, r\u00e9alis\u00e9es et peintes \u00e0 la main dans notre atelier fran\u00e7ais. Les broches sont r\u00e9alis\u00e9es en s\u00e9rie tr\u00e8s limit\u00e9e. Succ\u00e8s garanti avec nos broches ! Arborez fi\u00e8rement cette broche pr\u00e9paration de biscuits, rouleau \u00e0 p\u00e2tisserie abaissant la p\u00e2te, petit [&hellip;]<\/p>\n","protected":false},"featured_media":1453,"template":"","meta":[],"product_cat":[15,228],"product_tag":[215,212,213,214,211],"class_list":["post-1461","product","type-product","status-publish","has-post-thumbnail","hentry","product_cat-tous-les-produits","product_cat-broches","product_tag-clips-a-chaussures-biscuits","product_tag-clips-a-chaussures-chantilly","product_tag-clips-a-chaussures-donut","product_tag-clips-a-chaussures-originaux","product_tag-clips-a-chaussures-sweekie"],"yoast_head":"<!-- This site is optimized with the Yoast SEO plugin v20.12 - https:\/\/yoast.com\/wordpress\/plugins\/seo\/ -->\n<title>Pr\u00e9paration des biscuits de no\u00ebl (broche) - Sweekie<\/title>\n<meta name=\"description\" content=\"Broche pr\u00e9paration de biscuits de no\u00ebl - r\u00e9alis\u00e9e \u00e0 la main dans notre atelier fran\u00e7ais - possibilit\u00e9 de la personnaliser\" \/>\n<meta name=\"robots\" content=\"index, follow, max-snippet:-1, max-image-preview:large, max-video-preview:-1\" \/>\n<link rel=\"canonical\" href=\"https:\/\/sweekie.com\/index.php\/produit\/preparation-de-biscuits-de-noel-broche\/\" \/>\n<meta property=\"og:locale\" content=\"fr_FR\" \/>\n<meta property=\"og:type\" content=\"article\" \/>\n<meta property=\"og:title\" content=\"Pr\u00e9paration des biscuits de no\u00ebl (broche) - Sweekie\" \/>\n<meta property=\"og:description\" content=\"Broche pr\u00e9paration de biscuits de no\u00ebl - r\u00e9alis\u00e9e \u00e0 la main dans notre atelier fran\u00e7ais - possibilit\u00e9 de la personnaliser\" \/>\n<meta property=\"og:url\" content=\"https:\/\/sweekie.com\/index.php\/produit\/preparation-de-biscuits-de-noel-broche\/\" \/>\n<meta property=\"og:site_name\" content=\"Sweekie\" \/>\n<meta property=\"article:modified_time\" content=\"2022-01-05T16:50:07+00:00\" \/>\n<meta property=\"og:image\" content=\"https:\/\/sweekie.com\/wp-content\/uploads\/2021\/10\/broche-sce\u0301ne-patisserie-sweekie-poche-scaled.jpg\" \/>\n\t<meta property=\"og:image:width\" content=\"2560\" \/>\n\t<meta property=\"og:image:height\" content=\"1707\" \/>\n\t<meta property=\"og:image:type\" content=\"image\/jpeg\" \/>\n<meta name=\"twitter:card\" content=\"summary_large_image\" \/>\n<meta name=\"twitter:label1\" content=\"Dur\u00e9e de lecture estim\u00e9e\" \/>\n\t<meta name=\"twitter:data1\" content=\"1 minute\" \/>\n<script type=\"application\/ld+json\" class=\"yoast-schema-graph\">{\"@context\":\"https:\/\/schema.org\",\"@graph\":[{\"@type\":\"WebPage\",\"@id\":\"https:\/\/sweekie.com\/index.php\/produit\/preparation-de-biscuits-de-noel-broche\/\",\"url\":\"https:\/\/sweekie.com\/index.php\/produit\/preparation-de-biscuits-de-noel-broche\/\",\"name\":\"Pr\u00e9paration des biscuits de no\u00ebl (broche) - Sweekie\",\"isPartOf\":{\"@id\":\"https:\/\/sweekie.com\/#website\"},\"datePublished\":\"2021-10-07T14:41:29+00:00\",\"dateModified\":\"2022-01-05T16:50:07+00:00\",\"description\":\"Broche pr\u00e9paration de biscuits de no\u00ebl - r\u00e9alis\u00e9e \u00e0 la main dans notre atelier fran\u00e7ais - possibilit\u00e9 de la personnaliser\",\"breadcrumb\":{\"@id\":\"https:\/\/sweekie.com\/index.php\/produit\/preparation-de-biscuits-de-noel-broche\/#breadcrumb\"},\"inLanguage\":\"fr-FR\",\"potentialAction\":[{\"@type\":\"ReadAction\",\"target\":[\"https:\/\/sweekie.com\/index.php\/produit\/preparation-de-biscuits-de-noel-broche\/\"]}]},{\"@type\":\"BreadcrumbList\",\"@id\":\"https:\/\/sweekie.com\/index.php\/produit\/preparation-de-biscuits-de-noel-broche\/#breadcrumb\",\"itemListElement\":[{\"@type\":\"ListItem\",\"position\":1,\"name\":\"Accueil\",\"item\":\"https:\/\/sweekie.com\/\"},{\"@type\":\"ListItem\",\"position\":2,\"name\":\"Boutique\",\"item\":\"https:\/\/sweekie.com\/index.php\/sweekie-boutique\/\"},{\"@type\":\"ListItem\",\"position\":3,\"name\":\"Pr\u00e9paration des biscuits de no\u00ebl (broche)\"}]},{\"@type\":\"WebSite\",\"@id\":\"https:\/\/sweekie.com\/#website\",\"url\":\"https:\/\/sweekie.com\/\",\"name\":\"Sweekie\",\"description\":\"La gourmandise \u00e0 la Fran\u00e7aise!\",\"publisher\":{\"@id\":\"https:\/\/sweekie.com\/#organization\"},\"potentialAction\":[{\"@type\":\"SearchAction\",\"target\":{\"@type\":\"EntryPoint\",\"urlTemplate\":\"https:\/\/sweekie.com\/?s={search_term_string}\"},\"query-input\":\"required name=search_term_string\"}],\"inLanguage\":\"fr-FR\"},{\"@type\":\"Organization\",\"@id\":\"https:\/\/sweekie.com\/#organization\",\"name\":\"Sweekie\",\"url\":\"https:\/\/sweekie.com\/\",\"logo\":{\"@type\":\"ImageObject\",\"inLanguage\":\"fr-FR\",\"@id\":\"https:\/\/sweekie.com\/#\/schema\/logo\/image\/\",\"url\":\"https:\/\/sweekie.com\/wp-content\/uploads\/2021\/03\/cropped-logo-drapeau-1.png\",\"contentUrl\":\"https:\/\/sweekie.com\/wp-content\/uploads\/2021\/03\/cropped-logo-drapeau-1.png\",\"width\":512,\"height\":512,\"caption\":\"Sweekie\"},\"image\":{\"@id\":\"https:\/\/sweekie.com\/#\/schema\/logo\/image\/\"}}]}<\/script>\n<!-- \/ Yoast SEO plugin. -->","yoast_head_json":{"title":"Pr\u00e9paration des biscuits de no\u00ebl (broche) - Sweekie","description":"Broche pr\u00e9paration de biscuits de no\u00ebl - r\u00e9alis\u00e9e \u00e0 la main dans notre atelier fran\u00e7ais - possibilit\u00e9 de la personnaliser","robots":{"index":"index","follow":"follow","max-snippet":"max-snippet:-1","max-image-preview":"max-image-preview:large","max-video-preview":"max-video-preview:-1"},"canonical":"https:\/\/sweekie.com\/index.php\/produit\/preparation-de-biscuits-de-noel-broche\/","og_locale":"fr_FR","og_type":"article","og_title":"Pr\u00e9paration des biscuits de no\u00ebl (broche) - Sweekie","og_description":"Broche pr\u00e9paration de biscuits de no\u00ebl - r\u00e9alis\u00e9e \u00e0 la main dans notre atelier fran\u00e7ais - possibilit\u00e9 de la personnaliser","og_url":"https:\/\/sweekie.com\/index.php\/produit\/preparation-de-biscuits-de-noel-broche\/","og_site_name":"Sweekie","article_modified_time":"2022-01-05T16:50:07+00:00","og_image":[{"width":2560,"height":1707,"url":"https:\/\/sweekie.com\/wp-content\/uploads\/2021\/10\/broche-sce\u0301ne-patisserie-sweekie-poche-scaled.jpg","type":"image\/jpeg"}],"twitter_card":"summary_large_image","twitter_misc":{"Dur\u00e9e de lecture estim\u00e9e":"1 minute"},"schema":{"@context":"https:\/\/schema.org","@graph":[{"@type":"WebPage","@id":"https:\/\/sweekie.com\/index.php\/produit\/preparation-de-biscuits-de-noel-broche\/","url":"https:\/\/sweekie.com\/index.php\/produit\/preparation-de-biscuits-de-noel-broche\/","name":"Pr\u00e9paration des biscuits de no\u00ebl (broche) - Sweekie","isPartOf":{"@id":"https:\/\/sweekie.com\/#website"},"datePublished":"2021-10-07T14:41:29+00:00","dateModified":"2022-01-05T16:50:07+00:00","description":"Broche pr\u00e9paration de biscuits de no\u00ebl - r\u00e9alis\u00e9e \u00e0 la main dans notre atelier fran\u00e7ais - possibilit\u00e9 de la personnaliser","breadcrumb":{"@id":"https:\/\/sweekie.com\/index.php\/produit\/preparation-de-biscuits-de-noel-broche\/#breadcrumb"},"inLanguage":"fr-FR","potentialAction":[{"@type":"ReadAction","target":["https:\/\/sweekie.com\/index.php\/produit\/preparation-de-biscuits-de-noel-broche\/"]}]},{"@type":"BreadcrumbList","@id":"https:\/\/sweekie.com\/index.php\/produit\/preparation-de-biscuits-de-noel-broche\/#breadcrumb","itemListElement":[{"@type":"ListItem","position":1,"name":"Accueil","item":"https:\/\/sweekie.com\/"},{"@type":"ListItem","position":2,"name":"Boutique","item":"https:\/\/sweekie.com\/index.php\/sweekie-boutique\/"},{"@type":"ListItem","position":3,"name":"Pr\u00e9paration des biscuits de no\u00ebl (broche)"}]},{"@type":"WebSite","@id":"https:\/\/sweekie.com\/#website","url":"https:\/\/sweekie.com\/","name":"Sweekie","description":"La gourmandise \u00e0 la Fran\u00e7aise!","publisher":{"@id":"https:\/\/sweekie.com\/#organization"},"potentialAction":[{"@type":"SearchAction","target":{"@type":"EntryPoint","urlTemplate":"https:\/\/sweekie.com\/?s={search_term_string}"},"query-input":"required name=search_term_string"}],"inLanguage":"fr-FR"},{"@type":"Organization","@id":"https:\/\/sweekie.com\/#organization","name":"Sweekie","url":"https:\/\/sweekie.com\/","logo":{"@type":"ImageObject","inLanguage":"fr-FR","@id":"https:\/\/sweekie.com\/#\/schema\/logo\/image\/","url":"https:\/\/sweekie.com\/wp-content\/uploads\/2021\/03\/cropped-logo-drapeau-1.png","contentUrl":"https:\/\/sweekie.com\/wp-content\/uploads\/2021\/03\/cropped-logo-drapeau-1.png","width":512,"height":512,"caption":"Sweekie"},"image":{"@id":"https:\/\/sweekie.com\/#\/schema\/logo\/image\/"}}]}},"_links":{"self":[{"href":"https:\/\/sweekie.com\/index.php\/wp-json\/wp\/v2\/product\/1461"}],"collection":[{"href":"https:\/\/sweekie.com\/index.php\/wp-json\/wp\/v2\/product"}],"about":[{"href":"https:\/\/sweekie.com\/index.php\/wp-json\/wp\/v2\/types\/product"}],"wp:featuredmedia":[{"embeddable":true,"href":"https:\/\/sweekie.com\/index.php\/wp-json\/wp\/v2\/media\/1453"}],"wp:attachment":[{"href":"https:\/\/sweekie.com\/index.php\/wp-json\/wp\/v2\/media?parent=1461"}],"wp:term":[{"taxonomy":"product_cat","embeddable":true,"href":"https:\/\/sweekie.com\/index.php\/wp-json\/wp\/v2\/product_cat?post=1461"},{"taxonomy":"product_tag","embeddable":true,"href":"https:\/\/sweekie.com\/index.php\/wp-json\/wp\/v2\/product_tag?post=1461"}],"curies":[{"name":"wp","href":"https:\/\/api.w.org\/{rel}","templated":true}]}}