{"id":1377,"date":"2021-09-13T13:13:08","date_gmt":"2021-09-13T11:13:08","guid":{"rendered":"https:\/\/sweekie.com\/?post_type=product&#038;p=1377"},"modified":"2022-01-05T22:21:57","modified_gmt":"2022-01-05T21:21:57","slug":"sac-bonhomme-pain-depices","status":"publish","type":"product","link":"https:\/\/sweekie.com\/index.php\/produit\/sac-bonhomme-pain-depices\/","title":{"rendered":"Bonhomme de pain d&#8217;\u00e9pices (sac)"},"content":{"rendered":"<h2 style=\"text-align: center;\"><em><strong>Le sac bonhomme de pain d&#8217;\u00e9pices<\/strong><\/em><\/h2>\n<p style=\"text-align: center;\"><b><i>Sac bonhomme de pain d&#8217;\u00e9pices<\/i><\/b><\/p>\n<p style=\"text-align: center;\">Le sac biscuit de pain d&#8217;\u00e9pices est le mod\u00e8le phare de notre collection de No\u00ebl 2021!<br \/>\nAussi dodu que gourmand, il saura vous parer pour des f\u00eates r\u00e9ussies, ou pour tous les jours sans souci.<\/p>\n<p style=\"text-align: center;\">Il est enti\u00e8rement r\u00e9alis\u00e9 et peint \u00e0 la main dans notre atelier fran\u00e7ais. Chaque pi\u00e8ce est unique.<br \/>\nEmportez fi\u00e8rement, partout avec vous cette sp\u00e9cialit\u00e9 de No\u00ebl, un vrai retour en enfance, pour faire baver d&#8217;envie toutes les personnes que vous rencontrez!<br \/>\nSucc\u00e8s garanti aupr\u00e8s de vos amis!<\/p>\n<p style=\"text-align: center;\">Sculpt\u00e9 dans une p\u00e2te dure, l&#8217;int\u00e9rieur de ce sac est creux, ce qui permet d&#8217;y glisser facilement vos effets personnels.<br \/>\nLe dos du sac est recouvert d&#8217;un similicuir de qualit\u00e9, d&#8217;une couleur assortie au sac (marron), que vous pouvez ouvrir gr\u00e2ce \u00e0 une fermeture \u00e9clair blanche.<br \/>\nVous pouvez porter votre sac gr\u00e2ce \u00e0 une anse en cha\u00eene dor\u00e9e de 120cm.<br \/>\nLe sac bonhomme de pain d&#8217;\u00e9pices est un format sac, vous pourrez glisser quelques effets personnels, comme de la monnaie, une carte bancaire ainsi que votre smartphone.<\/p>\n<p style=\"text-align: center;\">Vous souhaitez l&#8217;assortir \u00e0 vos chaussures? D\u00e9couvrez les <a href=\"https:\/\/sweekie.com\/index.php\/produit\/bonhommes-de-pain-depices-clips-a-chaussures\/\">clips \u00e0 chaussures bonhommes de pain d&#8217;\u00e9pices<\/a>.<\/p>\n<p style=\"text-align: center;\">Le d\u00e9lai de fabrication est aujourd\u2019hui de 4 \u00e0 6 semaines.<\/p>\n<p style=\"text-align: center;\">Vous avez une une envie particuli\u00e8re? Vous souhaitez un sac personnalis\u00e9? Contactez nous sur notre\u00a0<a href=\"https:\/\/sweekie.com\/index.php\/contact\/\">formulaire de contact<\/a>\u00a0ou sur\u00a0<a href=\"https:\/\/www.instagram.com\/sweekie.purse\/\">instagram<\/a>.<\/p>\n","protected":false},"excerpt":{"rendered":"<p>Le sac bonhomme de pain d&#8217;\u00e9pices Sac bonhomme de pain d&#8217;\u00e9pices Le sac biscuit de pain d&#8217;\u00e9pices est le mod\u00e8le phare de notre collection de No\u00ebl 2021! Aussi dodu que gourmand, il saura vous parer pour des f\u00eates r\u00e9ussies, ou pour tous les jours sans souci. Il est enti\u00e8rement r\u00e9alis\u00e9 et peint \u00e0 la main [&hellip;]<\/p>\n","protected":false},"featured_media":1379,"template":"","meta":[],"product_cat":[15,23],"product_tag":[198,196,203],"class_list":["post-1377","product","type-product","status-publish","has-post-thumbnail","hentry","product_cat-tous-les-produits","product_cat-sacs","product_tag-sac-a-main-biscuit","product_tag-sac-a-main-original","product_tag-sac-a-main-sweekie"],"yoast_head":"<!-- This site is optimized with the Yoast SEO plugin v20.12 - https:\/\/yoast.com\/wordpress\/plugins\/seo\/ -->\n<title>Bonhomme de pain d&#039;\u00e9pices (sac) - Sweekie<\/title>\n<meta name=\"description\" content=\"Sac bonhomme de pain d&#039;\u00e9pices - r\u00e9alis\u00e9 \u00e0 la main avec amour dans notre atelier en France - les sacs sont personnalisables selon vos envies!\" \/>\n<meta name=\"robots\" content=\"index, follow, max-snippet:-1, max-image-preview:large, max-video-preview:-1\" \/>\n<link rel=\"canonical\" href=\"https:\/\/sweekie.com\/index.php\/produit\/sac-bonhomme-pain-depices\/\" \/>\n<meta property=\"og:locale\" content=\"fr_FR\" \/>\n<meta property=\"og:type\" content=\"article\" \/>\n<meta property=\"og:title\" content=\"Bonhomme de pain d&#039;\u00e9pices (sac) - Sweekie\" \/>\n<meta property=\"og:description\" content=\"Sac bonhomme de pain d&#039;\u00e9pices - r\u00e9alis\u00e9 \u00e0 la main avec amour dans notre atelier en France - les sacs sont personnalisables selon vos envies!\" \/>\n<meta property=\"og:url\" content=\"https:\/\/sweekie.com\/index.php\/produit\/sac-bonhomme-pain-depices\/\" \/>\n<meta property=\"og:site_name\" content=\"Sweekie\" \/>\n<meta property=\"article:modified_time\" content=\"2022-01-05T21:21:57+00:00\" \/>\n<meta property=\"og:image\" content=\"https:\/\/sweekie.com\/wp-content\/uploads\/2021\/09\/sac-noe\u0308l-sweekie-gingerbread-scaled.jpg\" \/>\n\t<meta property=\"og:image:width\" content=\"2560\" \/>\n\t<meta property=\"og:image:height\" content=\"2428\" \/>\n\t<meta property=\"og:image:type\" content=\"image\/jpeg\" \/>\n<meta name=\"twitter:card\" content=\"summary_large_image\" \/>\n<meta name=\"twitter:label1\" content=\"Dur\u00e9e de lecture estim\u00e9e\" \/>\n\t<meta name=\"twitter:data1\" content=\"1 minute\" \/>\n<script type=\"application\/ld+json\" class=\"yoast-schema-graph\">{\"@context\":\"https:\/\/schema.org\",\"@graph\":[{\"@type\":\"WebPage\",\"@id\":\"https:\/\/sweekie.com\/index.php\/produit\/sac-bonhomme-pain-depices\/\",\"url\":\"https:\/\/sweekie.com\/index.php\/produit\/sac-bonhomme-pain-depices\/\",\"name\":\"Bonhomme de pain d'\u00e9pices (sac) - Sweekie\",\"isPartOf\":{\"@id\":\"https:\/\/sweekie.com\/#website\"},\"datePublished\":\"2021-09-13T11:13:08+00:00\",\"dateModified\":\"2022-01-05T21:21:57+00:00\",\"description\":\"Sac bonhomme de pain d'\u00e9pices - r\u00e9alis\u00e9 \u00e0 la main avec amour dans notre atelier en France - les sacs sont personnalisables selon vos envies!\",\"breadcrumb\":{\"@id\":\"https:\/\/sweekie.com\/index.php\/produit\/sac-bonhomme-pain-depices\/#breadcrumb\"},\"inLanguage\":\"fr-FR\",\"potentialAction\":[{\"@type\":\"ReadAction\",\"target\":[\"https:\/\/sweekie.com\/index.php\/produit\/sac-bonhomme-pain-depices\/\"]}]},{\"@type\":\"BreadcrumbList\",\"@id\":\"https:\/\/sweekie.com\/index.php\/produit\/sac-bonhomme-pain-depices\/#breadcrumb\",\"itemListElement\":[{\"@type\":\"ListItem\",\"position\":1,\"name\":\"Accueil\",\"item\":\"https:\/\/sweekie.com\/\"},{\"@type\":\"ListItem\",\"position\":2,\"name\":\"Boutique\",\"item\":\"https:\/\/sweekie.com\/index.php\/sweekie-boutique\/\"},{\"@type\":\"ListItem\",\"position\":3,\"name\":\"Bonhomme de pain d&#8217;\u00e9pices (sac)\"}]},{\"@type\":\"WebSite\",\"@id\":\"https:\/\/sweekie.com\/#website\",\"url\":\"https:\/\/sweekie.com\/\",\"name\":\"Sweekie\",\"description\":\"La gourmandise \u00e0 la Fran\u00e7aise!\",\"publisher\":{\"@id\":\"https:\/\/sweekie.com\/#organization\"},\"potentialAction\":[{\"@type\":\"SearchAction\",\"target\":{\"@type\":\"EntryPoint\",\"urlTemplate\":\"https:\/\/sweekie.com\/?s={search_term_string}\"},\"query-input\":\"required name=search_term_string\"}],\"inLanguage\":\"fr-FR\"},{\"@type\":\"Organization\",\"@id\":\"https:\/\/sweekie.com\/#organization\",\"name\":\"Sweekie\",\"url\":\"https:\/\/sweekie.com\/\",\"logo\":{\"@type\":\"ImageObject\",\"inLanguage\":\"fr-FR\",\"@id\":\"https:\/\/sweekie.com\/#\/schema\/logo\/image\/\",\"url\":\"https:\/\/sweekie.com\/wp-content\/uploads\/2021\/03\/cropped-logo-drapeau-1.png\",\"contentUrl\":\"https:\/\/sweekie.com\/wp-content\/uploads\/2021\/03\/cropped-logo-drapeau-1.png\",\"width\":512,\"height\":512,\"caption\":\"Sweekie\"},\"image\":{\"@id\":\"https:\/\/sweekie.com\/#\/schema\/logo\/image\/\"}}]}<\/script>\n<!-- \/ Yoast SEO plugin. -->","yoast_head_json":{"title":"Bonhomme de pain d'\u00e9pices (sac) - Sweekie","description":"Sac bonhomme de pain d'\u00e9pices - r\u00e9alis\u00e9 \u00e0 la main avec amour dans notre atelier en France - les sacs sont personnalisables selon vos envies!","robots":{"index":"index","follow":"follow","max-snippet":"max-snippet:-1","max-image-preview":"max-image-preview:large","max-video-preview":"max-video-preview:-1"},"canonical":"https:\/\/sweekie.com\/index.php\/produit\/sac-bonhomme-pain-depices\/","og_locale":"fr_FR","og_type":"article","og_title":"Bonhomme de pain d'\u00e9pices (sac) - Sweekie","og_description":"Sac bonhomme de pain d'\u00e9pices - r\u00e9alis\u00e9 \u00e0 la main avec amour dans notre atelier en France - les sacs sont personnalisables selon vos envies!","og_url":"https:\/\/sweekie.com\/index.php\/produit\/sac-bonhomme-pain-depices\/","og_site_name":"Sweekie","article_modified_time":"2022-01-05T21:21:57+00:00","og_image":[{"width":2560,"height":2428,"url":"https:\/\/sweekie.com\/wp-content\/uploads\/2021\/09\/sac-noe\u0308l-sweekie-gingerbread-scaled.jpg","type":"image\/jpeg"}],"twitter_card":"summary_large_image","twitter_misc":{"Dur\u00e9e de lecture estim\u00e9e":"1 minute"},"schema":{"@context":"https:\/\/schema.org","@graph":[{"@type":"WebPage","@id":"https:\/\/sweekie.com\/index.php\/produit\/sac-bonhomme-pain-depices\/","url":"https:\/\/sweekie.com\/index.php\/produit\/sac-bonhomme-pain-depices\/","name":"Bonhomme de pain d'\u00e9pices (sac) - Sweekie","isPartOf":{"@id":"https:\/\/sweekie.com\/#website"},"datePublished":"2021-09-13T11:13:08+00:00","dateModified":"2022-01-05T21:21:57+00:00","description":"Sac bonhomme de pain d'\u00e9pices - r\u00e9alis\u00e9 \u00e0 la main avec amour dans notre atelier en France - les sacs sont personnalisables selon vos envies!","breadcrumb":{"@id":"https:\/\/sweekie.com\/index.php\/produit\/sac-bonhomme-pain-depices\/#breadcrumb"},"inLanguage":"fr-FR","potentialAction":[{"@type":"ReadAction","target":["https:\/\/sweekie.com\/index.php\/produit\/sac-bonhomme-pain-depices\/"]}]},{"@type":"BreadcrumbList","@id":"https:\/\/sweekie.com\/index.php\/produit\/sac-bonhomme-pain-depices\/#breadcrumb","itemListElement":[{"@type":"ListItem","position":1,"name":"Accueil","item":"https:\/\/sweekie.com\/"},{"@type":"ListItem","position":2,"name":"Boutique","item":"https:\/\/sweekie.com\/index.php\/sweekie-boutique\/"},{"@type":"ListItem","position":3,"name":"Bonhomme de pain d&#8217;\u00e9pices (sac)"}]},{"@type":"WebSite","@id":"https:\/\/sweekie.com\/#website","url":"https:\/\/sweekie.com\/","name":"Sweekie","description":"La gourmandise \u00e0 la Fran\u00e7aise!","publisher":{"@id":"https:\/\/sweekie.com\/#organization"},"potentialAction":[{"@type":"SearchAction","target":{"@type":"EntryPoint","urlTemplate":"https:\/\/sweekie.com\/?s={search_term_string}"},"query-input":"required name=search_term_string"}],"inLanguage":"fr-FR"},{"@type":"Organization","@id":"https:\/\/sweekie.com\/#organization","name":"Sweekie","url":"https:\/\/sweekie.com\/","logo":{"@type":"ImageObject","inLanguage":"fr-FR","@id":"https:\/\/sweekie.com\/#\/schema\/logo\/image\/","url":"https:\/\/sweekie.com\/wp-content\/uploads\/2021\/03\/cropped-logo-drapeau-1.png","contentUrl":"https:\/\/sweekie.com\/wp-content\/uploads\/2021\/03\/cropped-logo-drapeau-1.png","width":512,"height":512,"caption":"Sweekie"},"image":{"@id":"https:\/\/sweekie.com\/#\/schema\/logo\/image\/"}}]}},"_links":{"self":[{"href":"https:\/\/sweekie.com\/index.php\/wp-json\/wp\/v2\/product\/1377"}],"collection":[{"href":"https:\/\/sweekie.com\/index.php\/wp-json\/wp\/v2\/product"}],"about":[{"href":"https:\/\/sweekie.com\/index.php\/wp-json\/wp\/v2\/types\/product"}],"wp:featuredmedia":[{"embeddable":true,"href":"https:\/\/sweekie.com\/index.php\/wp-json\/wp\/v2\/media\/1379"}],"wp:attachment":[{"href":"https:\/\/sweekie.com\/index.php\/wp-json\/wp\/v2\/media?parent=1377"}],"wp:term":[{"taxonomy":"product_cat","embeddable":true,"href":"https:\/\/sweekie.com\/index.php\/wp-json\/wp\/v2\/product_cat?post=1377"},{"taxonomy":"product_tag","embeddable":true,"href":"https:\/\/sweekie.com\/index.php\/wp-json\/wp\/v2\/product_tag?post=1377"}],"curies":[{"name":"wp","href":"https:\/\/api.w.org\/{rel}","templated":true}]}}