{"id":1293,"date":"2021-08-27T11:58:59","date_gmt":"2021-08-27T09:58:59","guid":{"rendered":"https:\/\/sweekie.com\/?post_type=product&#038;p=1293"},"modified":"2022-01-05T22:23:33","modified_gmt":"2022-01-05T21:23:33","slug":"pomme-damour-pochette","status":"publish","type":"product","link":"https:\/\/sweekie.com\/index.php\/produit\/pomme-damour-pochette\/","title":{"rendered":"Pomme d&#8217;amour (pochette)"},"content":{"rendered":"<h2 style=\"text-align: center;\"><em><strong>La pochette pomme d&#8217;amour<\/strong><\/em><\/h2>\n<p style=\"text-align: center;\"><em><strong>Sac pomme d&#8217;amour<\/strong><\/em><\/p>\n<p style=\"text-align: center;\">Sac enti\u00e8rement r\u00e9alis\u00e9 et peint \u00e0 la main dans notre atelier fran\u00e7ais. Chaque pi\u00e8ce est unique.<br \/>\nEmportez fi\u00e8rement avec vous cette sp\u00e9cialit\u00e9 sorti tout droit d&#8217;une f\u00eate foraine, pour faire baver d&#8217;envie toutes les personnes que vous rencontrez!<br \/>\nSucc\u00e8s garanti aupr\u00e8s de vos amis!<\/p>\n<p style=\"text-align: center;\">Sculpt\u00e9 dans une p\u00e2te dure, l&#8217;int\u00e9rieur de ce sac est creux, ce qui permet d&#8217;y glisser facilement vos effets personnels.<br \/>\nLe dos du sac est recouvert d&#8217;un similicuir de qualit\u00e9, d&#8217;une couleur assortie au sac (rouge), que vous pouvez ouvrir gr\u00e2ce \u00e0 une fermeture \u00e9clair blanche.<br \/>\nVous pouvez porter votre sac gr\u00e2ce \u00e0 une anse en cha\u00eene dor\u00e9e de 120cm.<br \/>\nLe sac pomme d&#8217;amour est en format pochette (taille int\u00e9rieure: 16x11cm), vous pourrez glisser quelques effets personnels, comme de la monnaie, une carte bancaire ainsi que des cl\u00e9s par exemple&#8230; il reste cependant trop \u00e9troit pour accueillir votre smartphone.<\/p>\n<p style=\"text-align: center;\">Le d\u00e9lai de fabrication est aujourd&#8217;hui de 4 \u00e0 6 semaines.<\/p>\n<p style=\"text-align: center;\">Vous avez une une envie particuli\u00e8re? Vous souhaitez un sac personnalis\u00e9? Contactez nous sur notre\u00a0<a href=\"https:\/\/sweekie.com\/index.php\/contact\/\">formulaire de contact<\/a> ou sur\u00a0<a href=\"https:\/\/www.instagram.com\/sweekie.purse\/\">instagram<\/a>.<\/p>\n<p style=\"text-align: center;\">\n","protected":false},"excerpt":{"rendered":"<p>La pochette pomme d&#8217;amour Sac pomme d&#8217;amour Sac enti\u00e8rement r\u00e9alis\u00e9 et peint \u00e0 la main dans notre atelier fran\u00e7ais. Chaque pi\u00e8ce est unique. Emportez fi\u00e8rement avec vous cette sp\u00e9cialit\u00e9 sorti tout droit d&#8217;une f\u00eate foraine, pour faire baver d&#8217;envie toutes les personnes que vous rencontrez! Succ\u00e8s garanti aupr\u00e8s de vos amis! Sculpt\u00e9 dans une p\u00e2te [&hellip;]<\/p>\n","protected":false},"featured_media":1295,"template":"","meta":[],"product_cat":[15,23],"product_tag":[196,203],"class_list":["post-1293","product","type-product","status-publish","has-post-thumbnail","hentry","product_cat-tous-les-produits","product_cat-sacs","product_tag-sac-a-main-original","product_tag-sac-a-main-sweekie"],"yoast_head":"<!-- This site is optimized with the Yoast SEO plugin v20.12 - https:\/\/yoast.com\/wordpress\/plugins\/seo\/ -->\n<title>Pomme d&#039;amour (pochette) - Sweekie<\/title>\n<meta name=\"description\" content=\"Pochette pomme d&#039;amour - semble tout droit sorti d&#039;une f\u00eate foraine- r\u00e9alis\u00e9 \u00e0 la main et avec amour dans notre atelier fran\u00e7ais -\" \/>\n<meta name=\"robots\" content=\"index, follow, max-snippet:-1, max-image-preview:large, max-video-preview:-1\" \/>\n<link rel=\"canonical\" href=\"https:\/\/sweekie.com\/index.php\/produit\/pomme-damour-pochette\/\" \/>\n<meta property=\"og:locale\" content=\"fr_FR\" \/>\n<meta property=\"og:type\" content=\"article\" \/>\n<meta property=\"og:title\" content=\"Pomme d&#039;amour (pochette) - Sweekie\" \/>\n<meta property=\"og:description\" content=\"Pochette pomme d&#039;amour - semble tout droit sorti d&#039;une f\u00eate foraine- r\u00e9alis\u00e9 \u00e0 la main et avec amour dans notre atelier fran\u00e7ais -\" \/>\n<meta property=\"og:url\" content=\"https:\/\/sweekie.com\/index.php\/produit\/pomme-damour-pochette\/\" \/>\n<meta property=\"og:site_name\" content=\"Sweekie\" \/>\n<meta property=\"article:modified_time\" content=\"2022-01-05T21:23:33+00:00\" \/>\n<meta property=\"og:image\" content=\"https:\/\/sweekie.com\/wp-content\/uploads\/2021\/08\/pomme-amour-coeur-sac-sweekie-scaled.jpg\" \/>\n\t<meta property=\"og:image:width\" content=\"1707\" \/>\n\t<meta property=\"og:image:height\" content=\"2560\" \/>\n\t<meta property=\"og:image:type\" content=\"image\/jpeg\" \/>\n<meta name=\"twitter:card\" content=\"summary_large_image\" \/>\n<meta name=\"twitter:label1\" content=\"Dur\u00e9e de lecture estim\u00e9e\" \/>\n\t<meta name=\"twitter:data1\" content=\"1 minute\" \/>\n<script type=\"application\/ld+json\" class=\"yoast-schema-graph\">{\"@context\":\"https:\/\/schema.org\",\"@graph\":[{\"@type\":\"WebPage\",\"@id\":\"https:\/\/sweekie.com\/index.php\/produit\/pomme-damour-pochette\/\",\"url\":\"https:\/\/sweekie.com\/index.php\/produit\/pomme-damour-pochette\/\",\"name\":\"Pomme d'amour (pochette) - Sweekie\",\"isPartOf\":{\"@id\":\"https:\/\/sweekie.com\/#website\"},\"datePublished\":\"2021-08-27T09:58:59+00:00\",\"dateModified\":\"2022-01-05T21:23:33+00:00\",\"description\":\"Pochette pomme d'amour - semble tout droit sorti d'une f\u00eate foraine- r\u00e9alis\u00e9 \u00e0 la main et avec amour dans notre atelier fran\u00e7ais -\",\"breadcrumb\":{\"@id\":\"https:\/\/sweekie.com\/index.php\/produit\/pomme-damour-pochette\/#breadcrumb\"},\"inLanguage\":\"fr-FR\",\"potentialAction\":[{\"@type\":\"ReadAction\",\"target\":[\"https:\/\/sweekie.com\/index.php\/produit\/pomme-damour-pochette\/\"]}]},{\"@type\":\"BreadcrumbList\",\"@id\":\"https:\/\/sweekie.com\/index.php\/produit\/pomme-damour-pochette\/#breadcrumb\",\"itemListElement\":[{\"@type\":\"ListItem\",\"position\":1,\"name\":\"Accueil\",\"item\":\"https:\/\/sweekie.com\/\"},{\"@type\":\"ListItem\",\"position\":2,\"name\":\"Boutique\",\"item\":\"https:\/\/sweekie.com\/index.php\/sweekie-boutique\/\"},{\"@type\":\"ListItem\",\"position\":3,\"name\":\"Pomme d&#8217;amour (pochette)\"}]},{\"@type\":\"WebSite\",\"@id\":\"https:\/\/sweekie.com\/#website\",\"url\":\"https:\/\/sweekie.com\/\",\"name\":\"Sweekie\",\"description\":\"La gourmandise \u00e0 la Fran\u00e7aise!\",\"publisher\":{\"@id\":\"https:\/\/sweekie.com\/#organization\"},\"potentialAction\":[{\"@type\":\"SearchAction\",\"target\":{\"@type\":\"EntryPoint\",\"urlTemplate\":\"https:\/\/sweekie.com\/?s={search_term_string}\"},\"query-input\":\"required name=search_term_string\"}],\"inLanguage\":\"fr-FR\"},{\"@type\":\"Organization\",\"@id\":\"https:\/\/sweekie.com\/#organization\",\"name\":\"Sweekie\",\"url\":\"https:\/\/sweekie.com\/\",\"logo\":{\"@type\":\"ImageObject\",\"inLanguage\":\"fr-FR\",\"@id\":\"https:\/\/sweekie.com\/#\/schema\/logo\/image\/\",\"url\":\"https:\/\/sweekie.com\/wp-content\/uploads\/2021\/03\/cropped-logo-drapeau-1.png\",\"contentUrl\":\"https:\/\/sweekie.com\/wp-content\/uploads\/2021\/03\/cropped-logo-drapeau-1.png\",\"width\":512,\"height\":512,\"caption\":\"Sweekie\"},\"image\":{\"@id\":\"https:\/\/sweekie.com\/#\/schema\/logo\/image\/\"}}]}<\/script>\n<!-- \/ Yoast SEO plugin. -->","yoast_head_json":{"title":"Pomme d'amour (pochette) - Sweekie","description":"Pochette pomme d'amour - semble tout droit sorti d'une f\u00eate foraine- r\u00e9alis\u00e9 \u00e0 la main et avec amour dans notre atelier fran\u00e7ais -","robots":{"index":"index","follow":"follow","max-snippet":"max-snippet:-1","max-image-preview":"max-image-preview:large","max-video-preview":"max-video-preview:-1"},"canonical":"https:\/\/sweekie.com\/index.php\/produit\/pomme-damour-pochette\/","og_locale":"fr_FR","og_type":"article","og_title":"Pomme d'amour (pochette) - Sweekie","og_description":"Pochette pomme d'amour - semble tout droit sorti d'une f\u00eate foraine- r\u00e9alis\u00e9 \u00e0 la main et avec amour dans notre atelier fran\u00e7ais -","og_url":"https:\/\/sweekie.com\/index.php\/produit\/pomme-damour-pochette\/","og_site_name":"Sweekie","article_modified_time":"2022-01-05T21:23:33+00:00","og_image":[{"width":1707,"height":2560,"url":"https:\/\/sweekie.com\/wp-content\/uploads\/2021\/08\/pomme-amour-coeur-sac-sweekie-scaled.jpg","type":"image\/jpeg"}],"twitter_card":"summary_large_image","twitter_misc":{"Dur\u00e9e de lecture estim\u00e9e":"1 minute"},"schema":{"@context":"https:\/\/schema.org","@graph":[{"@type":"WebPage","@id":"https:\/\/sweekie.com\/index.php\/produit\/pomme-damour-pochette\/","url":"https:\/\/sweekie.com\/index.php\/produit\/pomme-damour-pochette\/","name":"Pomme d'amour (pochette) - Sweekie","isPartOf":{"@id":"https:\/\/sweekie.com\/#website"},"datePublished":"2021-08-27T09:58:59+00:00","dateModified":"2022-01-05T21:23:33+00:00","description":"Pochette pomme d'amour - semble tout droit sorti d'une f\u00eate foraine- r\u00e9alis\u00e9 \u00e0 la main et avec amour dans notre atelier fran\u00e7ais -","breadcrumb":{"@id":"https:\/\/sweekie.com\/index.php\/produit\/pomme-damour-pochette\/#breadcrumb"},"inLanguage":"fr-FR","potentialAction":[{"@type":"ReadAction","target":["https:\/\/sweekie.com\/index.php\/produit\/pomme-damour-pochette\/"]}]},{"@type":"BreadcrumbList","@id":"https:\/\/sweekie.com\/index.php\/produit\/pomme-damour-pochette\/#breadcrumb","itemListElement":[{"@type":"ListItem","position":1,"name":"Accueil","item":"https:\/\/sweekie.com\/"},{"@type":"ListItem","position":2,"name":"Boutique","item":"https:\/\/sweekie.com\/index.php\/sweekie-boutique\/"},{"@type":"ListItem","position":3,"name":"Pomme d&#8217;amour (pochette)"}]},{"@type":"WebSite","@id":"https:\/\/sweekie.com\/#website","url":"https:\/\/sweekie.com\/","name":"Sweekie","description":"La gourmandise \u00e0 la Fran\u00e7aise!","publisher":{"@id":"https:\/\/sweekie.com\/#organization"},"potentialAction":[{"@type":"SearchAction","target":{"@type":"EntryPoint","urlTemplate":"https:\/\/sweekie.com\/?s={search_term_string}"},"query-input":"required name=search_term_string"}],"inLanguage":"fr-FR"},{"@type":"Organization","@id":"https:\/\/sweekie.com\/#organization","name":"Sweekie","url":"https:\/\/sweekie.com\/","logo":{"@type":"ImageObject","inLanguage":"fr-FR","@id":"https:\/\/sweekie.com\/#\/schema\/logo\/image\/","url":"https:\/\/sweekie.com\/wp-content\/uploads\/2021\/03\/cropped-logo-drapeau-1.png","contentUrl":"https:\/\/sweekie.com\/wp-content\/uploads\/2021\/03\/cropped-logo-drapeau-1.png","width":512,"height":512,"caption":"Sweekie"},"image":{"@id":"https:\/\/sweekie.com\/#\/schema\/logo\/image\/"}}]}},"_links":{"self":[{"href":"https:\/\/sweekie.com\/index.php\/wp-json\/wp\/v2\/product\/1293"}],"collection":[{"href":"https:\/\/sweekie.com\/index.php\/wp-json\/wp\/v2\/product"}],"about":[{"href":"https:\/\/sweekie.com\/index.php\/wp-json\/wp\/v2\/types\/product"}],"wp:featuredmedia":[{"embeddable":true,"href":"https:\/\/sweekie.com\/index.php\/wp-json\/wp\/v2\/media\/1295"}],"wp:attachment":[{"href":"https:\/\/sweekie.com\/index.php\/wp-json\/wp\/v2\/media?parent=1293"}],"wp:term":[{"taxonomy":"product_cat","embeddable":true,"href":"https:\/\/sweekie.com\/index.php\/wp-json\/wp\/v2\/product_cat?post=1293"},{"taxonomy":"product_tag","embeddable":true,"href":"https:\/\/sweekie.com\/index.php\/wp-json\/wp\/v2\/product_tag?post=1293"}],"curies":[{"name":"wp","href":"https:\/\/api.w.org\/{rel}","templated":true}]}}