{"id":549,"date":"2021-06-21T12:25:45","date_gmt":"2021-06-21T10:25:45","guid":{"rendered":"https:\/\/sweekie.com\/?page_id=549"},"modified":"2023-08-01T18:03:30","modified_gmt":"2023-08-01T16:03:30","slug":"mentions","status":"publish","type":"page","link":"https:\/\/sweekie.com\/index.php\/mentions\/","title":{"rendered":"Mentions l\u00e9gales"},"content":{"rendered":"\t\t<div data-elementor-type=\"wp-page\" data-elementor-id=\"549\" class=\"elementor elementor-549\">\n\t\t\t\t\t\t\t\t\t<section class=\"elementor-section elementor-top-section elementor-element elementor-element-ab0a20f elementor-section-boxed elementor-section-height-default elementor-section-height-default\" data-id=\"ab0a20f\" data-element_type=\"section\">\n\t\t\t\t\t\t<div class=\"elementor-container elementor-column-gap-default\">\n\t\t\t\t\t<div class=\"elementor-column elementor-col-100 elementor-top-column elementor-element elementor-element-3c09a4f\" data-id=\"3c09a4f\" data-element_type=\"column\">\n\t\t\t<div class=\"elementor-widget-wrap elementor-element-populated\">\n\t\t\t\t\t\t\t\t<div class=\"elementor-element elementor-element-a8d8c67 elementor-widget elementor-widget-text-editor\" data-id=\"a8d8c67\" data-element_type=\"widget\" data-widget_type=\"text-editor.default\">\n\t\t\t\t<div class=\"elementor-widget-container\">\n\t\t\t\t\t\t\t<p><img decoding=\"async\" class=\"emoji\" role=\"img\" draggable=\"false\" src=\"https:\/\/s.w.org\/images\/core\/emoji\/13.0.1\/svg\/1f1eb-1f1f7.svg\" alt=\"\ud83c\uddeb\ud83c\uddf7\" \/><\/p><p>Le site www.sweekie.com est exploit\u00e9 par l&#8217;entreprise individuelle Sweekie, micro-entreprise dont le si\u00e8ge social se situe au:<\/p><p>5 le bois de la tombe,<br \/>02860 Montch\u00e2lons<br \/>(France)<\/p><p>T\u00e9l\u00e9phone: +33 (0)672133252<br \/>Mail: contact@sweekie.com<\/p><p>L&#8217;entreprise est inscrite au r\u00e9pertoire des m\u00e9tiers sous le num\u00e9ro de Siret: 750 140 576 00026<br \/>TVA non applicable<em style=\"font-variant-ligatures: normal; font-variant-caps: normal; font-weight: 400; font-size: 18.6667px; font-family: Calibri, sans-serif; text-align: start;\">\u00a0\u2013 article 293 B du CGI<\/em><\/p>\t\t\t\t\t\t<\/div>\n\t\t\t\t<\/div>\n\t\t\t\t<div class=\"elementor-element elementor-element-cc95509 elementor-widget elementor-widget-spacer\" data-id=\"cc95509\" data-element_type=\"widget\" data-widget_type=\"spacer.default\">\n\t\t\t\t<div class=\"elementor-widget-container\">\n\t\t\t\t\t<div class=\"elementor-spacer\">\n\t\t\t<div class=\"elementor-spacer-inner\"><\/div>\n\t\t<\/div>\n\t\t\t\t<\/div>\n\t\t\t\t<\/div>\n\t\t\t\t\t<\/div>\n\t\t<\/div>\n\t\t\t\t\t\t\t<\/div>\n\t\t<\/section>\n\t\t\t\t\t\t\t<\/div>\n\t\t","protected":false},"excerpt":{"rendered":"<p>Le site www.sweekie.com est exploit\u00e9 par l&#8217;entreprise individuelle Sweekie, micro-entreprise dont le si\u00e8ge social se situe au: 5 le bois de la tombe,02860 Montch\u00e2lons(France) T\u00e9l\u00e9phone: +33 (0)672133252Mail: contact@sweekie.com L&#8217;entreprise est inscrite au r\u00e9pertoire des m\u00e9tiers sous le num\u00e9ro de Siret: 750 140 576 00026TVA non applicable\u00a0\u2013 article 293 B du CGI<\/p>\n","protected":false},"author":1,"featured_media":0,"parent":0,"menu_order":0,"comment_status":"closed","ping_status":"closed","template":"","meta":{"footnotes":""},"class_list":["post-549","page","type-page","status-publish","hentry"],"yoast_head":"<!-- This site is optimized with the Yoast SEO plugin v20.12 - https:\/\/yoast.com\/wordpress\/plugins\/seo\/ -->\n<title>Mentions l\u00e9gales - Sweekie- Retrouvez toutes les informations du site<\/title>\n<meta name=\"description\" content=\"Mentions l\u00e9gales du site - retrouvez sur cette page toutes les informations l\u00e9gales de l&#039;entreprise et du site www.sweekie.com\" \/>\n<meta name=\"robots\" content=\"index, follow, max-snippet:-1, max-image-preview:large, max-video-preview:-1\" \/>\n<link rel=\"canonical\" href=\"https:\/\/sweekie.com\/index.php\/mentions\/\" \/>\n<meta property=\"og:locale\" content=\"fr_FR\" \/>\n<meta property=\"og:type\" content=\"article\" \/>\n<meta property=\"og:title\" content=\"Mentions l\u00e9gales - Sweekie- Retrouvez toutes les informations du site\" \/>\n<meta property=\"og:description\" content=\"Mentions l\u00e9gales du site - retrouvez sur cette page toutes les informations l\u00e9gales de l&#039;entreprise et du site www.sweekie.com\" \/>\n<meta property=\"og:url\" content=\"https:\/\/sweekie.com\/index.php\/mentions\/\" \/>\n<meta property=\"og:site_name\" content=\"Sweekie\" \/>\n<meta property=\"article:modified_time\" content=\"2023-08-01T16:03:30+00:00\" \/>\n<meta property=\"og:image\" content=\"https:\/\/s.w.org\/images\/core\/emoji\/13.0.1\/svg\/1f1eb-1f1f7.svg\" \/>\n<meta name=\"twitter:card\" content=\"summary_large_image\" \/>\n<meta name=\"twitter:label1\" content=\"Dur\u00e9e de lecture estim\u00e9e\" \/>\n\t<meta name=\"twitter:data1\" content=\"1 minute\" \/>\n<script type=\"application\/ld+json\" class=\"yoast-schema-graph\">{\"@context\":\"https:\/\/schema.org\",\"@graph\":[{\"@type\":\"WebPage\",\"@id\":\"https:\/\/sweekie.com\/index.php\/mentions\/\",\"url\":\"https:\/\/sweekie.com\/index.php\/mentions\/\",\"name\":\"Mentions l\u00e9gales - Sweekie- Retrouvez toutes les informations du site\",\"isPartOf\":{\"@id\":\"https:\/\/sweekie.com\/#website\"},\"datePublished\":\"2021-06-21T10:25:45+00:00\",\"dateModified\":\"2023-08-01T16:03:30+00:00\",\"description\":\"Mentions l\u00e9gales du site - retrouvez sur cette page toutes les informations l\u00e9gales de l'entreprise et du site www.sweekie.com\",\"breadcrumb\":{\"@id\":\"https:\/\/sweekie.com\/index.php\/mentions\/#breadcrumb\"},\"inLanguage\":\"fr-FR\",\"potentialAction\":[{\"@type\":\"ReadAction\",\"target\":[\"https:\/\/sweekie.com\/index.php\/mentions\/\"]}]},{\"@type\":\"BreadcrumbList\",\"@id\":\"https:\/\/sweekie.com\/index.php\/mentions\/#breadcrumb\",\"itemListElement\":[{\"@type\":\"ListItem\",\"position\":1,\"name\":\"Accueil\",\"item\":\"https:\/\/sweekie.com\/\"},{\"@type\":\"ListItem\",\"position\":2,\"name\":\"Mentions l\u00e9gales\"}]},{\"@type\":\"WebSite\",\"@id\":\"https:\/\/sweekie.com\/#website\",\"url\":\"https:\/\/sweekie.com\/\",\"name\":\"Sweekie\",\"description\":\"La gourmandise \u00e0 la Fran\u00e7aise!\",\"publisher\":{\"@id\":\"https:\/\/sweekie.com\/#organization\"},\"potentialAction\":[{\"@type\":\"SearchAction\",\"target\":{\"@type\":\"EntryPoint\",\"urlTemplate\":\"https:\/\/sweekie.com\/?s={search_term_string}\"},\"query-input\":\"required name=search_term_string\"}],\"inLanguage\":\"fr-FR\"},{\"@type\":\"Organization\",\"@id\":\"https:\/\/sweekie.com\/#organization\",\"name\":\"Sweekie\",\"url\":\"https:\/\/sweekie.com\/\",\"logo\":{\"@type\":\"ImageObject\",\"inLanguage\":\"fr-FR\",\"@id\":\"https:\/\/sweekie.com\/#\/schema\/logo\/image\/\",\"url\":\"https:\/\/sweekie.com\/wp-content\/uploads\/2021\/03\/cropped-logo-drapeau-1.png\",\"contentUrl\":\"https:\/\/sweekie.com\/wp-content\/uploads\/2021\/03\/cropped-logo-drapeau-1.png\",\"width\":512,\"height\":512,\"caption\":\"Sweekie\"},\"image\":{\"@id\":\"https:\/\/sweekie.com\/#\/schema\/logo\/image\/\"}}]}<\/script>\n<!-- \/ Yoast SEO plugin. -->","yoast_head_json":{"title":"Mentions l\u00e9gales - Sweekie- Retrouvez toutes les informations du site","description":"Mentions l\u00e9gales du site - retrouvez sur cette page toutes les informations l\u00e9gales de l'entreprise et du site www.sweekie.com","robots":{"index":"index","follow":"follow","max-snippet":"max-snippet:-1","max-image-preview":"max-image-preview:large","max-video-preview":"max-video-preview:-1"},"canonical":"https:\/\/sweekie.com\/index.php\/mentions\/","og_locale":"fr_FR","og_type":"article","og_title":"Mentions l\u00e9gales - Sweekie- Retrouvez toutes les informations du site","og_description":"Mentions l\u00e9gales du site - retrouvez sur cette page toutes les informations l\u00e9gales de l'entreprise et du site www.sweekie.com","og_url":"https:\/\/sweekie.com\/index.php\/mentions\/","og_site_name":"Sweekie","article_modified_time":"2023-08-01T16:03:30+00:00","og_image":[{"url":"https:\/\/s.w.org\/images\/core\/emoji\/13.0.1\/svg\/1f1eb-1f1f7.svg"}],"twitter_card":"summary_large_image","twitter_misc":{"Dur\u00e9e de lecture estim\u00e9e":"1 minute"},"schema":{"@context":"https:\/\/schema.org","@graph":[{"@type":"WebPage","@id":"https:\/\/sweekie.com\/index.php\/mentions\/","url":"https:\/\/sweekie.com\/index.php\/mentions\/","name":"Mentions l\u00e9gales - Sweekie- Retrouvez toutes les informations du site","isPartOf":{"@id":"https:\/\/sweekie.com\/#website"},"datePublished":"2021-06-21T10:25:45+00:00","dateModified":"2023-08-01T16:03:30+00:00","description":"Mentions l\u00e9gales du site - retrouvez sur cette page toutes les informations l\u00e9gales de l'entreprise et du site www.sweekie.com","breadcrumb":{"@id":"https:\/\/sweekie.com\/index.php\/mentions\/#breadcrumb"},"inLanguage":"fr-FR","potentialAction":[{"@type":"ReadAction","target":["https:\/\/sweekie.com\/index.php\/mentions\/"]}]},{"@type":"BreadcrumbList","@id":"https:\/\/sweekie.com\/index.php\/mentions\/#breadcrumb","itemListElement":[{"@type":"ListItem","position":1,"name":"Accueil","item":"https:\/\/sweekie.com\/"},{"@type":"ListItem","position":2,"name":"Mentions l\u00e9gales"}]},{"@type":"WebSite","@id":"https:\/\/sweekie.com\/#website","url":"https:\/\/sweekie.com\/","name":"Sweekie","description":"La gourmandise \u00e0 la Fran\u00e7aise!","publisher":{"@id":"https:\/\/sweekie.com\/#organization"},"potentialAction":[{"@type":"SearchAction","target":{"@type":"EntryPoint","urlTemplate":"https:\/\/sweekie.com\/?s={search_term_string}"},"query-input":"required name=search_term_string"}],"inLanguage":"fr-FR"},{"@type":"Organization","@id":"https:\/\/sweekie.com\/#organization","name":"Sweekie","url":"https:\/\/sweekie.com\/","logo":{"@type":"ImageObject","inLanguage":"fr-FR","@id":"https:\/\/sweekie.com\/#\/schema\/logo\/image\/","url":"https:\/\/sweekie.com\/wp-content\/uploads\/2021\/03\/cropped-logo-drapeau-1.png","contentUrl":"https:\/\/sweekie.com\/wp-content\/uploads\/2021\/03\/cropped-logo-drapeau-1.png","width":512,"height":512,"caption":"Sweekie"},"image":{"@id":"https:\/\/sweekie.com\/#\/schema\/logo\/image\/"}}]}},"_links":{"self":[{"href":"https:\/\/sweekie.com\/index.php\/wp-json\/wp\/v2\/pages\/549"}],"collection":[{"href":"https:\/\/sweekie.com\/index.php\/wp-json\/wp\/v2\/pages"}],"about":[{"href":"https:\/\/sweekie.com\/index.php\/wp-json\/wp\/v2\/types\/page"}],"author":[{"embeddable":true,"href":"https:\/\/sweekie.com\/index.php\/wp-json\/wp\/v2\/users\/1"}],"replies":[{"embeddable":true,"href":"https:\/\/sweekie.com\/index.php\/wp-json\/wp\/v2\/comments?post=549"}],"version-history":[{"count":20,"href":"https:\/\/sweekie.com\/index.php\/wp-json\/wp\/v2\/pages\/549\/revisions"}],"predecessor-version":[{"id":1707,"href":"https:\/\/sweekie.com\/index.php\/wp-json\/wp\/v2\/pages\/549\/revisions\/1707"}],"wp:attachment":[{"href":"https:\/\/sweekie.com\/index.php\/wp-json\/wp\/v2\/media?parent=549"}],"curies":[{"name":"wp","href":"https:\/\/api.w.org\/{rel}","templated":true}]}}